{"id":910,"date":"2021-04-29T00:33:22","date_gmt":"2021-04-28T22:33:22","guid":{"rendered":"https:\/\/serraladademarina.cat\/vinos\/100-pansa-blanca\/"},"modified":"2022-09-16T19:46:54","modified_gmt":"2022-09-16T17:46:54","slug":"100-pansa-blanca","status":"publish","type":"page","link":"https:\/\/serraladademarina.cat\/es\/vinos\/100-pansa-blanca\/","title":{"rendered":"100% pansa blanca"},"content":{"rendered":"\n\n\t<section class=\"section\" id=\"section_325784125\">\n\t\t<div class=\"section-bg fill\" >\n\t\t\t\t\t\t\t\t\t\n\t\t\t\n\n\t\t<\/div>\n\n\t\t\n\n\t\t<div class=\"section-content relative\">\n\t\t\t\n\n  <div id=\"page-header-1888317756\" class=\"page-header-wrapper\">\n  <div class=\"page-title dark simple-title\">\n\n        <div class=\"page-title-bg\">\n      <div class=\"title-bg fill bg-fill\"\n        data-parallax-container=\".page-title\"\n        data-parallax-background\n        data-parallax=\"-\">\n      <\/div>\n      <div class=\"title-overlay fill\"><\/div>\n    <\/div>\n    \n    <div class=\"page-title-inner container align-center text-center flex-row-col medium-flex-wrap\" >\n              <div class=\"title-wrapper flex-col\">\n          <h1 class=\"entry-title mb-0\">\n            Vino espumoso 100% PANSA BLANCA          <\/h1>\n        <\/div>\n                    <div class=\"title-content flex-col\">\n        <div class=\"title-breadcrumbs pb-half pt-half\"><\/div>      <\/div>\n    <\/div>\n\n     \n<style>\n#page-header-1888317756 {\n  background-color: rgb(0,0,0);\n}\n<\/style>\n  <\/div>\n    <\/div>\n  \n\n\t<div id=\"gap-2137936710\" class=\"gap-element clearfix\" style=\"display:block; height:auto;\">\n\t\t\n<style>\n#gap-2137936710 {\n  padding-top: 30px;\n}\n<\/style>\n\t<\/div>\n\t\n\n<div class=\"row align-middle align-center\"  id=\"row-1661648372\">\n\n\n\t<div id=\"col-244549974\" class=\"col medium-5 small-12 large-5\"  >\n\t\t\t\t<div class=\"col-inner text-center\"  >\n\t\t\t\n\t\t\t\n\n\t<div class=\"img has-hover x md-x lg-x y md-y lg-y\" id=\"image_324481837\">\n\t\t\t\t\t\t\t\t<div class=\"img-inner dark\" >\n\t\t\t<img loading=\"lazy\" decoding=\"async\" width=\"450\" height=\"800\" src=\"https:\/\/serraladademarina.cat\/wp-content\/uploads\/2022\/07\/serralada-de-marina-vi-escumos-100-pansa-blanca-450x800.webp\" class=\"attachment-large size-large\" alt=\"Vi escum\u00f3s 100% Pansa blanca Serralada de Marina DO Alella\" srcset=\"https:\/\/serraladademarina.cat\/wp-content\/uploads\/2022\/07\/serralada-de-marina-vi-escumos-100-pansa-blanca-450x800.webp 450w, https:\/\/serraladademarina.cat\/wp-content\/uploads\/2022\/07\/serralada-de-marina-vi-escumos-100-pansa-blanca-225x400.webp 225w, https:\/\/serraladademarina.cat\/wp-content\/uploads\/2022\/07\/serralada-de-marina-vi-escumos-100-pansa-blanca-768x1365.webp 768w, https:\/\/serraladademarina.cat\/wp-content\/uploads\/2022\/07\/serralada-de-marina-vi-escumos-100-pansa-blanca-864x1536.webp 864w, https:\/\/serraladademarina.cat\/wp-content\/uploads\/2022\/07\/serralada-de-marina-vi-escumos-100-pansa-blanca-1152x2048.webp 1152w, https:\/\/serraladademarina.cat\/wp-content\/uploads\/2022\/07\/serralada-de-marina-vi-escumos-100-pansa-blanca-scaled.webp 1440w\" sizes=\"auto, (max-width: 450px) 100vw, 450px\" \/>\t\t\t\t\t\t\n\t\t\t\t\t<\/div>\n\t\t\t\t\t\t\t\t\n<style>\n#image_324481837 {\n  width: 100%;\n}\n<\/style>\n\t<\/div>\n\t\n\n<a href=\"https:\/\/serraladademarina.cat\/media\/Ficha-tecnica-serralada-marina-100-Pansa-Blanca-es.pdf\" target=\"_blank\" class=\"button primary is-outline\" rel=\"noopener\" >\n\t\t<span>Ficha t\u00e9cnica<\/span>\n\t<\/a>\n\n\n\n\t\t<\/div>\n\t\t\t\t\t<\/div>\n\n\t\n\n\t<div id=\"col-693654395\" class=\"col medium-6 small-12 large-6\"  >\n\t\t\t\t<div class=\"col-inner\"  >\n\t\t\t\n\t\t\t\n\n<h3>Denominaci\u00f3n de Origen Alella (DO Alella)<\/h3>\r\n<ul>\r\n<li>Tipo de vino: Cava Brut Nature<\/li>\r\n<li>Variedades: Pasa blanca (100%)<\/li>\r\n<li>Fermentaci\u00f3n: M\u00e9todo tradicional (Champenoise) de segunda fermentaci\u00f3n en botella (18 meses m\u00ednimo de crianza en rima)<\/li>\r\n<li>Alcohol: 12 %<\/li>\r\n<li>Vi\u00f1edos Edad: 12 a\u00f1os<\/li>\r\n<li>Suelo: Saul\u00f3<\/li>\r\n<li>Presentaci\u00f3n Botella de 75 cl.<\/li>\r\n<li>6 botellas por caja<\/li>\r\n<\/ul>\r\n<h4>Recomendaciones de servicio<\/h4>\r\n<ul>\r\n<li>Temperatura: 5 &#8211; 7 \u00b0C<\/li>\r\n<li>Maridaje: Aperitivos, ensaladas, arroces, marisco, pescados, carnes, postres.<\/li>\r\n<\/ul>\r\n<h3>Nota de Cata<\/h3>\r\n<ul>\r\n<li>\r\n<p><strong>Vista<\/strong>: Color amarillo pajizo p\u00e1lido, con formaci\u00f3n de rosario de burbuja fina constante y persistente corona.<\/p>\r\n<\/li>\r\n<li>\r\n<p><strong>Olor<\/strong>: Aromas que recuerdan las notas de crianza (pan seco tostado, bollo, levadura)&nbsp; con fondo de fruta madura (pl\u00e1tano, melocot\u00f3n blanco), piel de naranja y predominio de notas minerales (algas, salobre).<\/p>\r\n<\/li>\r\n<li>\r\n<p><strong>Gusto<\/strong>: Redondo y sedoso en boca, con carb\u00f3nico medianamente integrado, donde la sequedad en az\u00facares queda compensada por su cremoso tono. Afrutado y final ligeramente amargo.<\/p>\r\n<\/li>\r\n<\/ul>\n\n\t\t<\/div>\n\t\t\t\t\t<\/div>\n\n\t\n\n<\/div>\n\n\t\t<\/div>\n\n\t\t\n<style>\n#section_325784125 {\n  padding-top: 0px;\n  padding-bottom: 0px;\n  background-color: rgb(255, 255, 255);\n}\n<\/style>\n\t<\/section>\n\t\n\n","protected":false},"excerpt":{"rendered":"","protected":false},"author":1,"featured_media":627,"parent":906,"menu_order":1,"comment_status":"closed","ping_status":"closed","template":"page-blank.php","meta":{"footnotes":""},"class_list":["post-910","page","type-page","status-publish","has-post-thumbnail","hentry"],"yoast_head":"<!-- This site is optimized with the Yoast SEO plugin v27.1.1 - https:\/\/yoast.com\/product\/yoast-seo-wordpress\/ -->\n<title>Vino espumoso 100% Pansa Blanca | Vinos Serralada de Marina<\/title>\n<meta name=\"description\" content=\"Descubre nuestro cava brut nature hecho conel m\u00e9todo tradicional Champenoise con segunda fermentaci\u00f3n en botella. Disfruta de un pase en boca redondo y sedoso. \u00a1Entra! Disfruta de un paso en boca redondo y sedoso Entra!\" \/>\n<meta name=\"robots\" content=\"index, follow, max-snippet:-1, max-image-preview:large, max-video-preview:-1\" \/>\n<link rel=\"canonical\" href=\"https:\/\/serraladademarina.cat\/es\/vinos\/100-pansa-blanca\/\" \/>\n<meta property=\"og:locale\" content=\"es_ES\" \/>\n<meta property=\"og:type\" content=\"article\" \/>\n<meta property=\"og:title\" content=\"Vino espumoso 100% Pansa Blanca | Vinos Serralada de Marina\" \/>\n<meta property=\"og:description\" content=\"Descubre nuestro cava brut nature hecho conel m\u00e9todo tradicional Champenoise con segunda fermentaci\u00f3n en botella. Disfruta de un pase en boca redondo y sedoso. \u00a1Entra! Disfruta de un paso en boca redondo y sedoso Entra!\" \/>\n<meta property=\"og:url\" content=\"https:\/\/serraladademarina.cat\/es\/vinos\/100-pansa-blanca\/\" \/>\n<meta property=\"og:site_name\" content=\"Serralada de Marina\" \/>\n<meta property=\"article:modified_time\" content=\"2022-09-16T17:46:54+00:00\" \/>\n<meta property=\"og:image\" content=\"https:\/\/serraladademarina.cat\/wp-content\/uploads\/2016\/08\/dummy-1.jpg\" \/>\n\t<meta property=\"og:image:width\" content=\"400\" \/>\n\t<meta property=\"og:image:height\" content=\"260\" \/>\n\t<meta property=\"og:image:type\" content=\"image\/jpeg\" \/>\n<meta name=\"twitter:card\" content=\"summary_large_image\" \/>\n<meta name=\"twitter:label1\" content=\"Tiempo de lectura\" \/>\n\t<meta name=\"twitter:data1\" content=\"1 minuto\" \/>\n<script type=\"application\/ld+json\" class=\"yoast-schema-graph\">{\"@context\":\"https:\/\/schema.org\",\"@graph\":[{\"@type\":\"WebPage\",\"@id\":\"https:\/\/serraladademarina.cat\/es\/vinos\/100-pansa-blanca\/\",\"url\":\"https:\/\/serraladademarina.cat\/es\/vinos\/100-pansa-blanca\/\",\"name\":\"Vino espumoso 100% Pansa Blanca | Vinos Serralada de Marina\",\"isPartOf\":{\"@id\":\"https:\/\/serraladademarina.cat\/es\/#website\"},\"primaryImageOfPage\":{\"@id\":\"https:\/\/serraladademarina.cat\/es\/vinos\/100-pansa-blanca\/#primaryimage\"},\"image\":{\"@id\":\"https:\/\/serraladademarina.cat\/es\/vinos\/100-pansa-blanca\/#primaryimage\"},\"thumbnailUrl\":\"https:\/\/serraladademarina.cat\/wp-content\/uploads\/2016\/08\/dummy-1.jpg\",\"datePublished\":\"2021-04-28T22:33:22+00:00\",\"dateModified\":\"2022-09-16T17:46:54+00:00\",\"description\":\"Descubre nuestro cava brut nature hecho conel m\u00e9todo tradicional Champenoise con segunda fermentaci\u00f3n en botella. Disfruta de un pase en boca redondo y sedoso. \u00a1Entra! Disfruta de un paso en boca redondo y sedoso Entra!\",\"breadcrumb\":{\"@id\":\"https:\/\/serraladademarina.cat\/es\/vinos\/100-pansa-blanca\/#breadcrumb\"},\"inLanguage\":\"es\",\"potentialAction\":[{\"@type\":\"ReadAction\",\"target\":[\"https:\/\/serraladademarina.cat\/es\/vinos\/100-pansa-blanca\/\"]}]},{\"@type\":\"ImageObject\",\"inLanguage\":\"es\",\"@id\":\"https:\/\/serraladademarina.cat\/es\/vinos\/100-pansa-blanca\/#primaryimage\",\"url\":\"https:\/\/serraladademarina.cat\/wp-content\/uploads\/2016\/08\/dummy-1.jpg\",\"contentUrl\":\"https:\/\/serraladademarina.cat\/wp-content\/uploads\/2016\/08\/dummy-1.jpg\",\"width\":400,\"height\":260},{\"@type\":\"BreadcrumbList\",\"@id\":\"https:\/\/serraladademarina.cat\/es\/vinos\/100-pansa-blanca\/#breadcrumb\",\"itemListElement\":[{\"@type\":\"ListItem\",\"position\":1,\"name\":\"Home\",\"item\":\"https:\/\/serraladademarina.cat\/es\/\"},{\"@type\":\"ListItem\",\"position\":2,\"name\":\"Vinos\",\"item\":\"https:\/\/serraladademarina.cat\/es\/vinos\/\"},{\"@type\":\"ListItem\",\"position\":3,\"name\":\"100% pansa blanca\"}]},{\"@type\":\"WebSite\",\"@id\":\"https:\/\/serraladademarina.cat\/es\/#website\",\"url\":\"https:\/\/serraladademarina.cat\/es\/\",\"name\":\"Serralada de Marina\",\"description\":\"Vins DO Alella\",\"publisher\":{\"@id\":\"https:\/\/serraladademarina.cat\/es\/#organization\"},\"potentialAction\":[{\"@type\":\"SearchAction\",\"target\":{\"@type\":\"EntryPoint\",\"urlTemplate\":\"https:\/\/serraladademarina.cat\/es\/?s={search_term_string}\"},\"query-input\":{\"@type\":\"PropertyValueSpecification\",\"valueRequired\":true,\"valueName\":\"search_term_string\"}}],\"inLanguage\":\"es\"},{\"@type\":\"Organization\",\"@id\":\"https:\/\/serraladademarina.cat\/es\/#organization\",\"name\":\"Serralada de Marina\",\"url\":\"https:\/\/serraladademarina.cat\/es\/\",\"logo\":{\"@type\":\"ImageObject\",\"inLanguage\":\"es\",\"@id\":\"https:\/\/serraladademarina.cat\/es\/#\/schema\/logo\/image\/\",\"url\":\"https:\/\/serraladademarina.cat\/wp-content\/uploads\/2021\/04\/cropped-icon_serralada_marina-1.png\",\"contentUrl\":\"https:\/\/serraladademarina.cat\/wp-content\/uploads\/2021\/04\/cropped-icon_serralada_marina-1.png\",\"width\":512,\"height\":512,\"caption\":\"Serralada de Marina\"},\"image\":{\"@id\":\"https:\/\/serraladademarina.cat\/es\/#\/schema\/logo\/image\/\"}}]}<\/script>\n<!-- \/ Yoast SEO plugin. -->","yoast_head_json":{"title":"Vino espumoso 100% Pansa Blanca | Vinos Serralada de Marina","description":"Descubre nuestro cava brut nature hecho conel m\u00e9todo tradicional Champenoise con segunda fermentaci\u00f3n en botella. Disfruta de un pase en boca redondo y sedoso. \u00a1Entra! Disfruta de un paso en boca redondo y sedoso Entra!","robots":{"index":"index","follow":"follow","max-snippet":"max-snippet:-1","max-image-preview":"max-image-preview:large","max-video-preview":"max-video-preview:-1"},"canonical":"https:\/\/serraladademarina.cat\/es\/vinos\/100-pansa-blanca\/","og_locale":"es_ES","og_type":"article","og_title":"Vino espumoso 100% Pansa Blanca | Vinos Serralada de Marina","og_description":"Descubre nuestro cava brut nature hecho conel m\u00e9todo tradicional Champenoise con segunda fermentaci\u00f3n en botella. Disfruta de un pase en boca redondo y sedoso. \u00a1Entra! Disfruta de un paso en boca redondo y sedoso Entra!","og_url":"https:\/\/serraladademarina.cat\/es\/vinos\/100-pansa-blanca\/","og_site_name":"Serralada de Marina","article_modified_time":"2022-09-16T17:46:54+00:00","og_image":[{"width":400,"height":260,"url":"https:\/\/serraladademarina.cat\/wp-content\/uploads\/2016\/08\/dummy-1.jpg","type":"image\/jpeg"}],"twitter_card":"summary_large_image","twitter_misc":{"Tiempo de lectura":"1 minuto"},"schema":{"@context":"https:\/\/schema.org","@graph":[{"@type":"WebPage","@id":"https:\/\/serraladademarina.cat\/es\/vinos\/100-pansa-blanca\/","url":"https:\/\/serraladademarina.cat\/es\/vinos\/100-pansa-blanca\/","name":"Vino espumoso 100% Pansa Blanca | Vinos Serralada de Marina","isPartOf":{"@id":"https:\/\/serraladademarina.cat\/es\/#website"},"primaryImageOfPage":{"@id":"https:\/\/serraladademarina.cat\/es\/vinos\/100-pansa-blanca\/#primaryimage"},"image":{"@id":"https:\/\/serraladademarina.cat\/es\/vinos\/100-pansa-blanca\/#primaryimage"},"thumbnailUrl":"https:\/\/serraladademarina.cat\/wp-content\/uploads\/2016\/08\/dummy-1.jpg","datePublished":"2021-04-28T22:33:22+00:00","dateModified":"2022-09-16T17:46:54+00:00","description":"Descubre nuestro cava brut nature hecho conel m\u00e9todo tradicional Champenoise con segunda fermentaci\u00f3n en botella. Disfruta de un pase en boca redondo y sedoso. \u00a1Entra! Disfruta de un paso en boca redondo y sedoso Entra!","breadcrumb":{"@id":"https:\/\/serraladademarina.cat\/es\/vinos\/100-pansa-blanca\/#breadcrumb"},"inLanguage":"es","potentialAction":[{"@type":"ReadAction","target":["https:\/\/serraladademarina.cat\/es\/vinos\/100-pansa-blanca\/"]}]},{"@type":"ImageObject","inLanguage":"es","@id":"https:\/\/serraladademarina.cat\/es\/vinos\/100-pansa-blanca\/#primaryimage","url":"https:\/\/serraladademarina.cat\/wp-content\/uploads\/2016\/08\/dummy-1.jpg","contentUrl":"https:\/\/serraladademarina.cat\/wp-content\/uploads\/2016\/08\/dummy-1.jpg","width":400,"height":260},{"@type":"BreadcrumbList","@id":"https:\/\/serraladademarina.cat\/es\/vinos\/100-pansa-blanca\/#breadcrumb","itemListElement":[{"@type":"ListItem","position":1,"name":"Home","item":"https:\/\/serraladademarina.cat\/es\/"},{"@type":"ListItem","position":2,"name":"Vinos","item":"https:\/\/serraladademarina.cat\/es\/vinos\/"},{"@type":"ListItem","position":3,"name":"100% pansa blanca"}]},{"@type":"WebSite","@id":"https:\/\/serraladademarina.cat\/es\/#website","url":"https:\/\/serraladademarina.cat\/es\/","name":"Serralada de Marina","description":"Vins DO Alella","publisher":{"@id":"https:\/\/serraladademarina.cat\/es\/#organization"},"potentialAction":[{"@type":"SearchAction","target":{"@type":"EntryPoint","urlTemplate":"https:\/\/serraladademarina.cat\/es\/?s={search_term_string}"},"query-input":{"@type":"PropertyValueSpecification","valueRequired":true,"valueName":"search_term_string"}}],"inLanguage":"es"},{"@type":"Organization","@id":"https:\/\/serraladademarina.cat\/es\/#organization","name":"Serralada de Marina","url":"https:\/\/serraladademarina.cat\/es\/","logo":{"@type":"ImageObject","inLanguage":"es","@id":"https:\/\/serraladademarina.cat\/es\/#\/schema\/logo\/image\/","url":"https:\/\/serraladademarina.cat\/wp-content\/uploads\/2021\/04\/cropped-icon_serralada_marina-1.png","contentUrl":"https:\/\/serraladademarina.cat\/wp-content\/uploads\/2021\/04\/cropped-icon_serralada_marina-1.png","width":512,"height":512,"caption":"Serralada de Marina"},"image":{"@id":"https:\/\/serraladademarina.cat\/es\/#\/schema\/logo\/image\/"}}]}},"_links":{"self":[{"href":"https:\/\/serraladademarina.cat\/es\/wp-json\/wp\/v2\/pages\/910","targetHints":{"allow":["GET"]}}],"collection":[{"href":"https:\/\/serraladademarina.cat\/es\/wp-json\/wp\/v2\/pages"}],"about":[{"href":"https:\/\/serraladademarina.cat\/es\/wp-json\/wp\/v2\/types\/page"}],"author":[{"embeddable":true,"href":"https:\/\/serraladademarina.cat\/es\/wp-json\/wp\/v2\/users\/1"}],"replies":[{"embeddable":true,"href":"https:\/\/serraladademarina.cat\/es\/wp-json\/wp\/v2\/comments?post=910"}],"version-history":[{"count":35,"href":"https:\/\/serraladademarina.cat\/es\/wp-json\/wp\/v2\/pages\/910\/revisions"}],"predecessor-version":[{"id":1370,"href":"https:\/\/serraladademarina.cat\/es\/wp-json\/wp\/v2\/pages\/910\/revisions\/1370"}],"up":[{"embeddable":true,"href":"https:\/\/serraladademarina.cat\/es\/wp-json\/wp\/v2\/pages\/906"}],"wp:featuredmedia":[{"embeddable":true,"href":"https:\/\/serraladademarina.cat\/es\/wp-json\/wp\/v2\/media\/627"}],"wp:attachment":[{"href":"https:\/\/serraladademarina.cat\/es\/wp-json\/wp\/v2\/media?parent=910"}],"curies":[{"name":"wp","href":"https:\/\/api.w.org\/{rel}","templated":true}]}}