{"id":699,"date":"2016-02-18T15:10:52","date_gmt":"2016-02-18T13:10:52","guid":{"rendered":"https:\/\/serraladademarina.cat\/inicio\/"},"modified":"2022-08-04T17:38:27","modified_gmt":"2022-08-04T15:38:27","slug":"inicio","status":"publish","type":"page","link":"https:\/\/serraladademarina.cat\/es\/","title":{"rendered":"Inicio"},"content":{"rendered":"\n<div class=\"slider-wrapper relative\" id=\"slider-100068677\" >\n    <div class=\"slider slider-nav-circle slider-nav-large slider-nav-light slider-style-normal\"\n        data-flickity-options='{\n            \"cellAlign\": \"center\",\n            \"imagesLoaded\": true,\n            \"lazyLoad\": 1,\n            \"freeScroll\": false,\n            \"wrapAround\": true,\n            \"autoPlay\": 6000,\n            \"pauseAutoPlayOnHover\" : true,\n            \"prevNextButtons\": true,\n            \"contain\" : true,\n            \"adaptiveHeight\" : true,\n            \"dragThreshold\" : 10,\n            \"percentPosition\": true,\n            \"pageDots\": true,\n            \"rightToLeft\": false,\n            \"draggable\": true,\n            \"selectedAttraction\": 0.1,\n            \"parallax\" : 0,\n            \"friction\": 0.6        }'\n        >\n        \n\n\n  <div class=\"banner has-hover\" id=\"banner-817243163\">\n          <div class=\"banner-inner fill\">\n        <div class=\"banner-bg fill\" >\n            <img loading=\"lazy\" decoding=\"async\" width=\"2560\" height=\"1707\" src=\"https:\/\/serraladademarina.cat\/wp-content\/uploads\/2021\/04\/puesta-de-sol-uvas-scaled.jpg\" class=\"bg attachment-original size-original\" alt=\"Verema vins Serralada de Marina\" \/>                                    \n                    <\/div>\n\t\t\n        <div class=\"banner-layers container\">\n            <div class=\"fill banner-link\"><\/div>            \n\n   <div id=\"text-box-404421903\" class=\"text-box banner-layer x5 md-x5 lg-x5 y95 md-y50 lg-y50 res-text\">\n                                <div class=\"text-box-content text box-shadow-1\">\n              \n              <div class=\"text-inner text-left\">\n                  \n\n<h3>Bodega<\/h3>\n<h1 class=\"uppercase\">serralada de marina<\/h1>\n<p>Bodega de la DO Alella con vi\u00f1edos situados en Sant Fost de Campsentelles, Martorelles, Montorn\u00e9s del Vall\u00e9s y Santa Mar\u00eda de Martorelles, en la zona geogr\u00e1fica del Vall\u00e9s Oriental, en la vertiente interior de la Serralada de Marina.<\/p>\n\n              <\/div>\n           <\/div>\n                            \n<style>\n#text-box-404421903 .text-box-content {\n  background-color: rgba(255, 255, 255, 0.94);\n  font-size: 100%;\n}\n#text-box-404421903 .text-inner {\n  padding: 30px 30px 30px 30px;\n}\n#text-box-404421903 {\n  width: 90%;\n}\n@media (min-width:550px) {\n  #text-box-404421903 {\n    width: 44%;\n  }\n}\n<\/style>\n    <\/div>\n \n\n        <\/div>\n      <\/div>\n\n            \n<style>\n#banner-817243163 {\n  padding-top: 350px;\n}\n#banner-817243163 .banner-bg img {\n  object-position: 62% 60%;\n}\n@media (min-width:550px) {\n  #banner-817243163 {\n    padding-top: 637px;\n  }\n}\n<\/style>\n  <\/div>\n\n\n\n     <\/div>\n\n     <div class=\"loading-spin dark large centered\"><\/div>\n\n\t<\/div>\n\n\n\n\t<section class=\"section\" id=\"section_422390800\">\n\t\t<div class=\"section-bg fill\" >\n\t\t\t\t\t\t\t\t\t\n\t\t\t\n\n\t\t<\/div>\n\n\t\t\n\n\t\t<div class=\"section-content relative\">\n\t\t\t\n\n<div class=\"row row-large align-center row-divided\"  id=\"row-350064138\">\n\n\n\t<div id=\"col-1287665074\" class=\"col medium-4 small-10 large-4\"  >\n\t\t\t\t<div class=\"col-inner\"  >\n\t\t\t\n\t\t\t\n\n\t<div class=\"box has-hover   has-hover box-text-bottom\" >\n\n\t\t<div class=\"box-image\" style=\"width:29%;\">\n\t\t\t\t\t\t<div class=\"\" >\n\t\t\t\t<img decoding=\"async\" src=\"https:\/\/serraladademarina.cat\/wp-content\/uploads\/2021\/10\/icono_botella_vino.svg\" class=\"attachment- size-\" alt=\"\" \/>\t\t\t\t\t\t\t\t\t\t\t<\/div>\n\t\t\t\t\t<\/div>\n\n\t\t<div class=\"box-text text-center\" >\n\t\t\t<div class=\"box-text-inner\">\n\t\t\t\t\n\n<h4>7 vinos distintos<\/h4>\n<p>Pansa Blanca, El Pas de les Bruixes, Santa Maria, Quatre termes&#8230;<\/p>\n<a href=\"https:\/\/serraladademarina.cat\/es\/vinos\/\" class=\"button primary\" >\n\t\t<span>m\u00e1s informaci\u00f3n<\/span>\n\t<\/a>\n\n\n\n\t\t\t<\/div>\n\t\t<\/div>\n\t<\/div>\n\t\n\n\t\t<\/div>\n\t\t\t\t\t<\/div>\n\n\t\n\n\t<div id=\"col-2104733438\" class=\"col medium-4 small-10 large-4\"  >\n\t\t\t\t<div class=\"col-inner\"  >\n\t\t\t\n\t\t\t\n\n\t<div class=\"box has-hover   has-hover box-text-bottom\" >\n\n\t\t<div class=\"box-image\" style=\"border-radius:39%;width:30%;\">\n\t\t\t\t\t\t<div class=\"\" >\n\t\t\t\t<img decoding=\"async\" src=\"https:\/\/serraladademarina.cat\/wp-content\/uploads\/2021\/10\/pencil-512.svg\" class=\"attachment- size-\" alt=\"\" \/>\t\t\t\t\t\t\t\t\t\t\t<\/div>\n\t\t\t\t\t<\/div>\n\n\t\t<div class=\"box-text text-center\" >\n\t\t\t<div class=\"box-text-inner\">\n\t\t\t\t\n\n<h4>\u00bfQuieres saber m\u00e1s sobre nosotros?<\/h4>\n<p>Haznos llegar tu consulta a trav\u00e9s de correo o formulario<\/p>\n<a href=\"https:\/\/serraladademarina.cat\/es\/contacto\/\" class=\"button primary\" >\n\t\t<span>contacta<\/span>\n\t<\/a>\n\n\n\n\t\t\t<\/div>\n\t\t<\/div>\n\t<\/div>\n\t\n\n\t\t<\/div>\n\t\t\t\t\t<\/div>\n\n\t\n\n\t<div id=\"col-707944982\" class=\"col medium-4 small-10 large-4\"  >\n\t\t\t\t<div class=\"col-inner\"  >\n\t\t\t\n\t\t\t\n\n\t<div class=\"box has-hover   has-hover box-text-bottom\" >\n\n\t\t<div class=\"box-image\" style=\"width:30%;\">\n\t\t\t\t\t\t<div class=\"\" >\n\t\t\t\t<img decoding=\"async\" src=\"https:\/\/serraladademarina.cat\/wp-content\/uploads\/2022\/07\/wine-taste-3.svg\" class=\"attachment- size-\" alt=\"\" \/>\t\t\t\t\t\t\t\t\t\t\t<\/div>\n\t\t\t\t\t<\/div>\n\n\t\t<div class=\"box-text text-center\" >\n\t\t\t<div class=\"box-text-inner\">\n\t\t\t\t\n\n<h4>Ofertas enotur\u00edsticas \u00fanicas<\/h4>\n<p>Ven a nuestra bodega Can Roda donde vinificamos los vinos Serralada de Marina<\/p>\n<a href=\"https:\/\/cellercanroda.cat\/es\/visita\/enoturismo-visita-enologica-a-la-bodega\/\" target=\"_blank\" class=\"button primary\" rel=\"noopener\" >\n\t\t<span>vis\u00edtanos<\/span>\n\t<\/a>\n\n\n\n\t\t\t<\/div>\n\t\t<\/div>\n\t<\/div>\n\t\n\n\t\t<\/div>\n\t\t\t\t\t<\/div>\n\n\t\n\n<\/div>\n\n\t\t<\/div>\n\n\t\t\n<style>\n#section_422390800 {\n  padding-top: 30px;\n  padding-bottom: 30px;\n  background-color: rgb(255, 255, 255);\n}\n<\/style>\n\t<\/section>\n\t\n\n\t<section class=\"section\" id=\"section_2132698829\">\n\t\t<div class=\"section-bg fill\" >\n\t\t\t\t\t\t\t\t\t<div class=\"section-bg-overlay absolute fill\"><\/div>\n\t\t\t\n\t<div class=\"is-border\"\n\t\tstyle=\"border-width:1px 0px 1px 0px;\">\n\t<\/div>\n\n\t\t<\/div>\n\n\t\t\n\n\t\t<div class=\"section-content relative\">\n\t\t\t\n\n<div class=\"row row-large align-middle\"  id=\"row-1769947846\">\n\n\n\t<div id=\"col-277758386\" class=\"col medium-6 small-12 large-6\"  >\n\t\t\t\t<div class=\"col-inner\"  >\n\t\t\t\n\t\t\t\n\n\t<div class=\"img has-hover x md-x lg-x y md-y lg-y\" id=\"image_1575524922\">\n\t\t\t\t\t\t\t\t<div class=\"img-inner dark\" >\n\t\t\t<img loading=\"lazy\" decoding=\"async\" width=\"1020\" height=\"725\" src=\"https:\/\/serraladademarina.cat\/wp-content\/uploads\/2022\/07\/hilera-vinedos-serralada-marina.webp\" class=\"attachment-large size-large\" alt=\"Vinyes Serralada de Marina\" srcset=\"https:\/\/serraladademarina.cat\/wp-content\/uploads\/2022\/07\/hilera-vinedos-serralada-marina.webp 1037w, https:\/\/serraladademarina.cat\/wp-content\/uploads\/2022\/07\/hilera-vinedos-serralada-marina-563x400.webp 563w, https:\/\/serraladademarina.cat\/wp-content\/uploads\/2022\/07\/hilera-vinedos-serralada-marina-768x546.webp 768w\" sizes=\"auto, (max-width: 1020px) 100vw, 1020px\" \/>\t\t\t\t\t\t\n\t\t\t\t\t<\/div>\n\t\t\t\t\t\t\t\t\n<style>\n#image_1575524922 {\n  width: 100%;\n}\n<\/style>\n\t<\/div>\n\t\n\n\n\t\t<\/div>\n\t\t\t\t\t<\/div>\n\n\t\n\n\t<div id=\"col-167483074\" class=\"col medium-6 small-12 large-6 small-col-first\"  >\n\t\t\t\t<div class=\"col-inner text-left\"  >\n\t\t\t\n\t\t\t\n\n<h2 class=\"uppercase\">Terreno<\/h2>\n<p>Los terrenos que ocupan los vi\u00f1edos son de saul\u00f3. Este tipo de suelo arenoso es muy permeable, tiene un buen drenaje y un \u00edndice muy alto de retenci\u00f3n de la radiaci\u00f3n solar, lo que favorece la adecuada maduraci\u00f3n de la uva.<\/p>\n\n\t\t<\/div>\n\t\t\t\t\t<\/div>\n\n\t\n\n<\/div>\n\n\t\t<\/div>\n\n\t\t\n<style>\n#section_2132698829 {\n  padding-top: 60px;\n  padding-bottom: 60px;\n  background-color: rgb(193, 193, 193);\n}\n#section_2132698829 .section-bg-overlay {\n  background-color: rgba(255, 255, 255, 0.85);\n}\n<\/style>\n\t<\/section>\n\t\n\n\t<section class=\"section\" id=\"section_1453493270\">\n\t\t<div class=\"section-bg fill\" >\n\t\t\t\t\t\t\t\t\t<div class=\"section-bg-overlay absolute fill\"><\/div>\n\t\t\t\n\n\t\t<\/div>\n\n\t\t\n\n\t\t<div class=\"section-content relative\">\n\t\t\t\n\n<div class=\"row row-large align-middle\"  id=\"row-1192203891\">\n\n\n\t<div id=\"col-1349022102\" class=\"col medium-6 small-12 large-6\"  >\n\t\t\t\t<div class=\"col-inner text-left\"  >\n\t\t\t\n\t\t\t\n\n<h2 class=\"uppercase\">climatolog\u00eda<\/h2>\n<p>Situado en una zona con una orientaci\u00f3n m\u00e1s umbr\u00eda y un microclima m\u00e1s continental, producimos unos vinos m\u00e1s \u00e1cidos y en\u00e9rgicos, ligeramente distintos a los de la zona del Maresme de la DO Alella.<\/p>\n\n\t\t<\/div>\n\t\t\t\t\t<\/div>\n\n\t\n\n\t<div id=\"col-1648651339\" class=\"col medium-6 small-12 large-6\"  >\n\t\t\t\t<div class=\"col-inner\"  >\n\t\t\t\n\t\t\t\n\n\t<div class=\"img has-hover x md-x lg-x y md-y lg-y\" id=\"image_2100496685\">\n\t\t\t\t\t\t\t\t<div class=\"img-inner dark\" >\n\t\t\t<img loading=\"lazy\" decoding=\"async\" width=\"1020\" height=\"680\" src=\"https:\/\/serraladademarina.cat\/wp-content\/uploads\/2022\/07\/botellas-vino-tinto.webp\" class=\"attachment-large size-large\" alt=\"Ampolles vi Serralada Marina\" srcset=\"https:\/\/serraladademarina.cat\/wp-content\/uploads\/2022\/07\/botellas-vino-tinto.webp 1200w, https:\/\/serraladademarina.cat\/wp-content\/uploads\/2022\/07\/botellas-vino-tinto-600x400.webp 600w, https:\/\/serraladademarina.cat\/wp-content\/uploads\/2022\/07\/botellas-vino-tinto-768x512.webp 768w\" sizes=\"auto, (max-width: 1020px) 100vw, 1020px\" \/>\t\t\t\t\t\t\n\t\t\t\t\t<\/div>\n\t\t\t\t\t\t\t\t\n<style>\n#image_2100496685 {\n  width: 100%;\n}\n<\/style>\n\t<\/div>\n\t\n\n\n\t\t<\/div>\n\t\t\t\t\t<\/div>\n\n\t\n\n<\/div>\n\n\t\t<\/div>\n\n\t\t\n<style>\n#section_1453493270 {\n  padding-top: 60px;\n  padding-bottom: 60px;\n  background-color: rgb(255, 255, 255);\n}\n#section_1453493270 .section-bg-overlay {\n  background-color: rgba(255, 255, 255, 0.85);\n}\n<\/style>\n\t<\/section>\n\t\n","protected":false},"excerpt":{"rendered":"","protected":false},"author":1,"featured_media":627,"parent":0,"menu_order":1,"comment_status":"closed","ping_status":"closed","template":"page-blank.php","meta":{"footnotes":""},"class_list":["post-699","page","type-page","status-publish","has-post-thumbnail","hentry"],"yoast_head":"<!-- This site is optimized with the Yoast SEO plugin v27.1.1 - https:\/\/yoast.com\/product\/yoast-seo-wordpress\/ -->\n<title>Serralada de Marina - Vinos DO Alella Barcelona<\/title>\n<meta name=\"description\" content=\"Descubre los vinos de Serralada de Marina, hechos con vi\u00f1edos viejos situados en la zons del Vall\u00e8s Oriental. Este proyecto forma parte de Celler Can Roda.\" \/>\n<meta name=\"robots\" content=\"index, follow, max-snippet:-1, max-image-preview:large, max-video-preview:-1\" \/>\n<link rel=\"canonical\" href=\"https:\/\/serraladademarina.cat\/es\/\" \/>\n<meta property=\"og:locale\" content=\"es_ES\" \/>\n<meta property=\"og:type\" content=\"article\" \/>\n<meta property=\"og:title\" content=\"Serralada de Marina - Vinos DO Alella Barcelona\" \/>\n<meta property=\"og:description\" content=\"Descubre los vinos de Serralada de Marina, hechos con vi\u00f1edos viejos situados en la zons del Vall\u00e8s Oriental. Este proyecto forma parte de Celler Can Roda.\" \/>\n<meta property=\"og:url\" content=\"https:\/\/serraladademarina.cat\/es\/\" \/>\n<meta property=\"og:site_name\" content=\"Serralada de Marina\" \/>\n<meta property=\"article:modified_time\" content=\"2022-08-04T15:38:27+00:00\" \/>\n<meta property=\"og:image\" content=\"https:\/\/serraladademarina.cat\/wp-content\/uploads\/2016\/08\/dummy-1.jpg\" \/>\n\t<meta property=\"og:image:width\" content=\"400\" \/>\n\t<meta property=\"og:image:height\" content=\"260\" \/>\n\t<meta property=\"og:image:type\" content=\"image\/jpeg\" \/>\n<meta name=\"twitter:card\" content=\"summary_large_image\" \/>\n<meta name=\"twitter:label1\" content=\"Tiempo de lectura\" \/>\n\t<meta name=\"twitter:data1\" content=\"2 minutos\" \/>\n<script type=\"application\/ld+json\" class=\"yoast-schema-graph\">{\"@context\":\"https:\/\/schema.org\",\"@graph\":[{\"@type\":\"WebPage\",\"@id\":\"https:\/\/serraladademarina.cat\/es\/\",\"url\":\"https:\/\/serraladademarina.cat\/es\/\",\"name\":\"Serralada de Marina - Vinos DO Alella Barcelona\",\"isPartOf\":{\"@id\":\"https:\/\/serraladademarina.cat\/es\/#website\"},\"primaryImageOfPage\":{\"@id\":\"https:\/\/serraladademarina.cat\/es\/#primaryimage\"},\"image\":{\"@id\":\"https:\/\/serraladademarina.cat\/es\/#primaryimage\"},\"thumbnailUrl\":\"https:\/\/serraladademarina.cat\/wp-content\/uploads\/2016\/08\/dummy-1.jpg\",\"datePublished\":\"2016-02-18T13:10:52+00:00\",\"dateModified\":\"2022-08-04T15:38:27+00:00\",\"description\":\"Descubre los vinos de Serralada de Marina, hechos con vi\u00f1edos viejos situados en la zons del Vall\u00e8s Oriental. Este proyecto forma parte de Celler Can Roda.\",\"breadcrumb\":{\"@id\":\"https:\/\/serraladademarina.cat\/es\/#breadcrumb\"},\"inLanguage\":\"es\",\"potentialAction\":[{\"@type\":\"ReadAction\",\"target\":[\"https:\/\/serraladademarina.cat\/es\/\"]}]},{\"@type\":\"ImageObject\",\"inLanguage\":\"es\",\"@id\":\"https:\/\/serraladademarina.cat\/es\/#primaryimage\",\"url\":\"https:\/\/serraladademarina.cat\/wp-content\/uploads\/2016\/08\/dummy-1.jpg\",\"contentUrl\":\"https:\/\/serraladademarina.cat\/wp-content\/uploads\/2016\/08\/dummy-1.jpg\",\"width\":400,\"height\":260},{\"@type\":\"BreadcrumbList\",\"@id\":\"https:\/\/serraladademarina.cat\/es\/#breadcrumb\",\"itemListElement\":[{\"@type\":\"ListItem\",\"position\":1,\"name\":\"Home\",\"item\":\"https:\/\/serraladademarina.cat\/es\/\"},{\"@type\":\"ListItem\",\"position\":2,\"name\":\"Inicio\"}]},{\"@type\":\"WebSite\",\"@id\":\"https:\/\/serraladademarina.cat\/es\/#website\",\"url\":\"https:\/\/serraladademarina.cat\/es\/\",\"name\":\"Serralada de Marina\",\"description\":\"Vins DO Alella\",\"publisher\":{\"@id\":\"https:\/\/serraladademarina.cat\/es\/#organization\"},\"potentialAction\":[{\"@type\":\"SearchAction\",\"target\":{\"@type\":\"EntryPoint\",\"urlTemplate\":\"https:\/\/serraladademarina.cat\/es\/?s={search_term_string}\"},\"query-input\":{\"@type\":\"PropertyValueSpecification\",\"valueRequired\":true,\"valueName\":\"search_term_string\"}}],\"inLanguage\":\"es\"},{\"@type\":\"Organization\",\"@id\":\"https:\/\/serraladademarina.cat\/es\/#organization\",\"name\":\"Serralada de Marina\",\"url\":\"https:\/\/serraladademarina.cat\/es\/\",\"logo\":{\"@type\":\"ImageObject\",\"inLanguage\":\"es\",\"@id\":\"https:\/\/serraladademarina.cat\/es\/#\/schema\/logo\/image\/\",\"url\":\"https:\/\/serraladademarina.cat\/wp-content\/uploads\/2021\/04\/cropped-icon_serralada_marina-1.png\",\"contentUrl\":\"https:\/\/serraladademarina.cat\/wp-content\/uploads\/2021\/04\/cropped-icon_serralada_marina-1.png\",\"width\":512,\"height\":512,\"caption\":\"Serralada de Marina\"},\"image\":{\"@id\":\"https:\/\/serraladademarina.cat\/es\/#\/schema\/logo\/image\/\"}}]}<\/script>\n<!-- \/ Yoast SEO plugin. -->","yoast_head_json":{"title":"Serralada de Marina - Vinos DO Alella Barcelona","description":"Descubre los vinos de Serralada de Marina, hechos con vi\u00f1edos viejos situados en la zons del Vall\u00e8s Oriental. Este proyecto forma parte de Celler Can Roda.","robots":{"index":"index","follow":"follow","max-snippet":"max-snippet:-1","max-image-preview":"max-image-preview:large","max-video-preview":"max-video-preview:-1"},"canonical":"https:\/\/serraladademarina.cat\/es\/","og_locale":"es_ES","og_type":"article","og_title":"Serralada de Marina - Vinos DO Alella Barcelona","og_description":"Descubre los vinos de Serralada de Marina, hechos con vi\u00f1edos viejos situados en la zons del Vall\u00e8s Oriental. Este proyecto forma parte de Celler Can Roda.","og_url":"https:\/\/serraladademarina.cat\/es\/","og_site_name":"Serralada de Marina","article_modified_time":"2022-08-04T15:38:27+00:00","og_image":[{"width":400,"height":260,"url":"https:\/\/serraladademarina.cat\/wp-content\/uploads\/2016\/08\/dummy-1.jpg","type":"image\/jpeg"}],"twitter_card":"summary_large_image","twitter_misc":{"Tiempo de lectura":"2 minutos"},"schema":{"@context":"https:\/\/schema.org","@graph":[{"@type":"WebPage","@id":"https:\/\/serraladademarina.cat\/es\/","url":"https:\/\/serraladademarina.cat\/es\/","name":"Serralada de Marina - Vinos DO Alella Barcelona","isPartOf":{"@id":"https:\/\/serraladademarina.cat\/es\/#website"},"primaryImageOfPage":{"@id":"https:\/\/serraladademarina.cat\/es\/#primaryimage"},"image":{"@id":"https:\/\/serraladademarina.cat\/es\/#primaryimage"},"thumbnailUrl":"https:\/\/serraladademarina.cat\/wp-content\/uploads\/2016\/08\/dummy-1.jpg","datePublished":"2016-02-18T13:10:52+00:00","dateModified":"2022-08-04T15:38:27+00:00","description":"Descubre los vinos de Serralada de Marina, hechos con vi\u00f1edos viejos situados en la zons del Vall\u00e8s Oriental. Este proyecto forma parte de Celler Can Roda.","breadcrumb":{"@id":"https:\/\/serraladademarina.cat\/es\/#breadcrumb"},"inLanguage":"es","potentialAction":[{"@type":"ReadAction","target":["https:\/\/serraladademarina.cat\/es\/"]}]},{"@type":"ImageObject","inLanguage":"es","@id":"https:\/\/serraladademarina.cat\/es\/#primaryimage","url":"https:\/\/serraladademarina.cat\/wp-content\/uploads\/2016\/08\/dummy-1.jpg","contentUrl":"https:\/\/serraladademarina.cat\/wp-content\/uploads\/2016\/08\/dummy-1.jpg","width":400,"height":260},{"@type":"BreadcrumbList","@id":"https:\/\/serraladademarina.cat\/es\/#breadcrumb","itemListElement":[{"@type":"ListItem","position":1,"name":"Home","item":"https:\/\/serraladademarina.cat\/es\/"},{"@type":"ListItem","position":2,"name":"Inicio"}]},{"@type":"WebSite","@id":"https:\/\/serraladademarina.cat\/es\/#website","url":"https:\/\/serraladademarina.cat\/es\/","name":"Serralada de Marina","description":"Vins DO Alella","publisher":{"@id":"https:\/\/serraladademarina.cat\/es\/#organization"},"potentialAction":[{"@type":"SearchAction","target":{"@type":"EntryPoint","urlTemplate":"https:\/\/serraladademarina.cat\/es\/?s={search_term_string}"},"query-input":{"@type":"PropertyValueSpecification","valueRequired":true,"valueName":"search_term_string"}}],"inLanguage":"es"},{"@type":"Organization","@id":"https:\/\/serraladademarina.cat\/es\/#organization","name":"Serralada de Marina","url":"https:\/\/serraladademarina.cat\/es\/","logo":{"@type":"ImageObject","inLanguage":"es","@id":"https:\/\/serraladademarina.cat\/es\/#\/schema\/logo\/image\/","url":"https:\/\/serraladademarina.cat\/wp-content\/uploads\/2021\/04\/cropped-icon_serralada_marina-1.png","contentUrl":"https:\/\/serraladademarina.cat\/wp-content\/uploads\/2021\/04\/cropped-icon_serralada_marina-1.png","width":512,"height":512,"caption":"Serralada de Marina"},"image":{"@id":"https:\/\/serraladademarina.cat\/es\/#\/schema\/logo\/image\/"}}]}},"_links":{"self":[{"href":"https:\/\/serraladademarina.cat\/es\/wp-json\/wp\/v2\/pages\/699","targetHints":{"allow":["GET"]}}],"collection":[{"href":"https:\/\/serraladademarina.cat\/es\/wp-json\/wp\/v2\/pages"}],"about":[{"href":"https:\/\/serraladademarina.cat\/es\/wp-json\/wp\/v2\/types\/page"}],"author":[{"embeddable":true,"href":"https:\/\/serraladademarina.cat\/es\/wp-json\/wp\/v2\/users\/1"}],"replies":[{"embeddable":true,"href":"https:\/\/serraladademarina.cat\/es\/wp-json\/wp\/v2\/comments?post=699"}],"version-history":[{"count":20,"href":"https:\/\/serraladademarina.cat\/es\/wp-json\/wp\/v2\/pages\/699\/revisions"}],"predecessor-version":[{"id":1177,"href":"https:\/\/serraladademarina.cat\/es\/wp-json\/wp\/v2\/pages\/699\/revisions\/1177"}],"wp:featuredmedia":[{"embeddable":true,"href":"https:\/\/serraladademarina.cat\/es\/wp-json\/wp\/v2\/media\/627"}],"wp:attachment":[{"href":"https:\/\/serraladademarina.cat\/es\/wp-json\/wp\/v2\/media?parent=699"}],"curies":[{"name":"wp","href":"https:\/\/api.w.org\/{rel}","templated":true}]}}