{"id":703,"date":"2016-02-18T15:10:52","date_gmt":"2016-02-18T13:10:52","guid":{"rendered":"https:\/\/serraladademarina.cat\/home\/"},"modified":"2022-08-04T17:39:34","modified_gmt":"2022-08-04T15:39:34","slug":"home","status":"publish","type":"page","link":"https:\/\/serraladademarina.cat\/en\/","title":{"rendered":"home"},"content":{"rendered":"\n<div class=\"slider-wrapper relative\" id=\"slider-1395353756\" >\n    <div class=\"slider slider-nav-circle slider-nav-large slider-nav-light slider-style-normal\"\n        data-flickity-options='{\n            \"cellAlign\": \"center\",\n            \"imagesLoaded\": true,\n            \"lazyLoad\": 1,\n            \"freeScroll\": false,\n            \"wrapAround\": true,\n            \"autoPlay\": 6000,\n            \"pauseAutoPlayOnHover\" : true,\n            \"prevNextButtons\": true,\n            \"contain\" : true,\n            \"adaptiveHeight\" : true,\n            \"dragThreshold\" : 10,\n            \"percentPosition\": true,\n            \"pageDots\": true,\n            \"rightToLeft\": false,\n            \"draggable\": true,\n            \"selectedAttraction\": 0.1,\n            \"parallax\" : 0,\n            \"friction\": 0.6        }'\n        >\n        \n\n\n  <div class=\"banner has-hover\" id=\"banner-679419055\">\n          <div class=\"banner-inner fill\">\n        <div class=\"banner-bg fill\" >\n            <img loading=\"lazy\" decoding=\"async\" width=\"2560\" height=\"1707\" src=\"https:\/\/serraladademarina.cat\/wp-content\/uploads\/2021\/04\/puesta-de-sol-uvas-scaled.jpg\" class=\"bg attachment-original size-original\" alt=\"Verema vins Serralada de Marina\" \/>                                    \n                    <\/div>\n\t\t\n        <div class=\"banner-layers container\">\n            <div class=\"fill banner-link\"><\/div>            \n\n   <div id=\"text-box-594780092\" class=\"text-box banner-layer x5 md-x5 lg-x5 y95 md-y50 lg-y50 res-text\">\n                                <div class=\"text-box-content text box-shadow-1\">\n              \n              <div class=\"text-inner text-left\">\n                  \n\n<h3>Winery<\/h3>\n<h1 class=\"uppercase\">serralada de marina<\/h1>\n<p>Winery of the DO Alella with vineyards located in Sant Fost de Campsentelles, Martorelles, Montorn\u00e8s del Vall\u00e8s and Santa Maria de Martorelles, in the geographical area of the Vall\u00e8s Oriental, on the inner side of Serralada de Marina.<\/p>\n\n              <\/div>\n           <\/div>\n                            \n<style>\n#text-box-594780092 .text-box-content {\n  background-color: rgba(255, 255, 255, 0.94);\n  font-size: 100%;\n}\n#text-box-594780092 .text-inner {\n  padding: 30px 30px 30px 30px;\n}\n#text-box-594780092 {\n  width: 90%;\n}\n@media (min-width:550px) {\n  #text-box-594780092 {\n    width: 44%;\n  }\n}\n<\/style>\n    <\/div>\n \n\n        <\/div>\n      <\/div>\n\n            \n<style>\n#banner-679419055 {\n  padding-top: 350px;\n}\n#banner-679419055 .banner-bg img {\n  object-position: 62% 60%;\n}\n@media (min-width:550px) {\n  #banner-679419055 {\n    padding-top: 637px;\n  }\n}\n<\/style>\n  <\/div>\n\n\n\n     <\/div>\n\n     <div class=\"loading-spin dark large centered\"><\/div>\n\n\t<\/div>\n\n\n\n\t<section class=\"section\" id=\"section_580822234\">\n\t\t<div class=\"section-bg fill\" >\n\t\t\t\t\t\t\t\t\t\n\t\t\t\n\n\t\t<\/div>\n\n\t\t\n\n\t\t<div class=\"section-content relative\">\n\t\t\t\n\n<div class=\"row row-large align-center row-divided\"  id=\"row-1817782862\">\n\n\n\t<div id=\"col-1882986883\" class=\"col medium-4 small-10 large-4\"  >\n\t\t\t\t<div class=\"col-inner\"  >\n\t\t\t\n\t\t\t\n\n\t<div class=\"box has-hover   has-hover box-text-bottom\" >\n\n\t\t<div class=\"box-image\" style=\"width:29%;\">\n\t\t\t\t\t\t<div class=\"\" >\n\t\t\t\t<img decoding=\"async\" src=\"https:\/\/serraladademarina.cat\/wp-content\/uploads\/2021\/10\/icono_botella_vino.svg\" class=\"attachment- size-\" alt=\"\" \/>\t\t\t\t\t\t\t\t\t\t\t<\/div>\n\t\t\t\t\t<\/div>\n\n\t\t<div class=\"box-text text-center\" >\n\t\t\t<div class=\"box-text-inner\">\n\t\t\t\t\n\n<h4>7 different wines<\/h4>\n<p>Pansa Blanca, El Pas de les Bruixes, Santa Maria, Quatre termes&#8230;<\/p>\n<a href=\"https:\/\/serraladademarina.cat\/vins\/\" class=\"button primary\" >\n\t\t<span>more info<\/span>\n\t<\/a>\n\n\n\n\t\t\t<\/div>\n\t\t<\/div>\n\t<\/div>\n\t\n\n\t\t<\/div>\n\t\t\t\t\t<\/div>\n\n\t\n\n\t<div id=\"col-182697591\" class=\"col medium-4 small-10 large-4\"  >\n\t\t\t\t<div class=\"col-inner\"  >\n\t\t\t\n\t\t\t\n\n\t<div class=\"box has-hover   has-hover box-text-bottom\" >\n\n\t\t<div class=\"box-image\" style=\"border-radius:39%;width:30%;\">\n\t\t\t\t\t\t<div class=\"\" >\n\t\t\t\t<img decoding=\"async\" src=\"https:\/\/serraladademarina.cat\/wp-content\/uploads\/2021\/10\/pencil-512.svg\" class=\"attachment- size-\" alt=\"\" \/>\t\t\t\t\t\t\t\t\t\t\t<\/div>\n\t\t\t\t\t<\/div>\n\n\t\t<div class=\"box-text text-center\" >\n\t\t\t<div class=\"box-text-inner\">\n\t\t\t\t\n\n<h4>Want to know more about us?<\/h4>\n<p>Send us your query by mail or form<\/p>\n<a href=\"https:\/\/serraladademarina.cat\/contacte\/\" class=\"button primary\" >\n\t\t<span>contact<\/span>\n\t<\/a>\n\n\n\n\t\t\t<\/div>\n\t\t<\/div>\n\t<\/div>\n\t\n\n\t\t<\/div>\n\t\t\t\t\t<\/div>\n\n\t\n\n\t<div id=\"col-619278489\" class=\"col medium-4 small-10 large-4\"  >\n\t\t\t\t<div class=\"col-inner\"  >\n\t\t\t\n\t\t\t\n\n\t<div class=\"box has-hover   has-hover box-text-bottom\" >\n\n\t\t<div class=\"box-image\" style=\"width:30%;\">\n\t\t\t\t\t\t<div class=\"\" >\n\t\t\t\t<img decoding=\"async\" src=\"https:\/\/serraladademarina.cat\/wp-content\/uploads\/2022\/07\/wine-taste-3.svg\" class=\"attachment- size-\" alt=\"\" \/>\t\t\t\t\t\t\t\t\t\t\t<\/div>\n\t\t\t\t\t<\/div>\n\n\t\t<div class=\"box-text text-center\" >\n\t\t\t<div class=\"box-text-inner\">\n\t\t\t\t\n\n<h4>Unique wine tourism offers<\/h4>\n<p>Come to our Can Roda winery where we vinify Serralada de Marina wines<\/p>\n<a href=\"https:\/\/cellercanroda.cat\/en\/visit\/visit-our-winery-at-can-roda\/\" target=\"_blank\" class=\"button primary\" rel=\"noopener\" >\n\t\t<span>visit us<\/span>\n\t<\/a>\n\n\n\n\t\t\t<\/div>\n\t\t<\/div>\n\t<\/div>\n\t\n\n\t\t<\/div>\n\t\t\t\t\t<\/div>\n\n\t\n\n<\/div>\n\n\t\t<\/div>\n\n\t\t\n<style>\n#section_580822234 {\n  padding-top: 30px;\n  padding-bottom: 30px;\n  background-color: rgb(255, 255, 255);\n}\n<\/style>\n\t<\/section>\n\t\n\n\t<section class=\"section\" id=\"section_858631742\">\n\t\t<div class=\"section-bg fill\" >\n\t\t\t\t\t\t\t\t\t<div class=\"section-bg-overlay absolute fill\"><\/div>\n\t\t\t\n\t<div class=\"is-border\"\n\t\tstyle=\"border-width:1px 0px 1px 0px;\">\n\t<\/div>\n\n\t\t<\/div>\n\n\t\t\n\n\t\t<div class=\"section-content relative\">\n\t\t\t\n\n<div class=\"row row-large align-middle\"  id=\"row-234964727\">\n\n\n\t<div id=\"col-1059303151\" class=\"col medium-6 small-12 large-6\"  >\n\t\t\t\t<div class=\"col-inner\"  >\n\t\t\t\n\t\t\t\n\n\t<div class=\"img has-hover x md-x lg-x y md-y lg-y\" id=\"image_426645701\">\n\t\t\t\t\t\t\t\t<div class=\"img-inner dark\" >\n\t\t\t<img loading=\"lazy\" decoding=\"async\" width=\"1020\" height=\"725\" src=\"https:\/\/serraladademarina.cat\/wp-content\/uploads\/2022\/07\/hilera-vinedos-serralada-marina.webp\" class=\"attachment-large size-large\" alt=\"Vinyes Serralada de Marina\" srcset=\"https:\/\/serraladademarina.cat\/wp-content\/uploads\/2022\/07\/hilera-vinedos-serralada-marina.webp 1037w, https:\/\/serraladademarina.cat\/wp-content\/uploads\/2022\/07\/hilera-vinedos-serralada-marina-563x400.webp 563w, https:\/\/serraladademarina.cat\/wp-content\/uploads\/2022\/07\/hilera-vinedos-serralada-marina-768x546.webp 768w\" sizes=\"auto, (max-width: 1020px) 100vw, 1020px\" \/>\t\t\t\t\t\t\n\t\t\t\t\t<\/div>\n\t\t\t\t\t\t\t\t\n<style>\n#image_426645701 {\n  width: 100%;\n}\n<\/style>\n\t<\/div>\n\t\n\n\n\t\t<\/div>\n\t\t\t\t\t<\/div>\n\n\t\n\n\t<div id=\"col-1866823251\" class=\"col medium-6 small-12 large-6 small-col-first\"  >\n\t\t\t\t<div class=\"col-inner text-left\"  >\n\t\t\t\n\t\t\t\n\n<h2 class=\"uppercase\">Terrain<\/h2>\n<p>The land where our vineyards grow is made of saul\u00f3. This type of sandy soil is very permeable, has good drainage and a very high rate of solar radiation retention, which enables the proper ripening of the grapes.<\/p>\n\n\t\t<\/div>\n\t\t\t\t\t<\/div>\n\n\t\n\n<\/div>\n\n\t\t<\/div>\n\n\t\t\n<style>\n#section_858631742 {\n  padding-top: 60px;\n  padding-bottom: 60px;\n  background-color: rgb(193, 193, 193);\n}\n#section_858631742 .section-bg-overlay {\n  background-color: rgba(255, 255, 255, 0.85);\n}\n<\/style>\n\t<\/section>\n\t\n\n\t<section class=\"section\" id=\"section_1829763958\">\n\t\t<div class=\"section-bg fill\" >\n\t\t\t\t\t\t\t\t\t<div class=\"section-bg-overlay absolute fill\"><\/div>\n\t\t\t\n\n\t\t<\/div>\n\n\t\t\n\n\t\t<div class=\"section-content relative\">\n\t\t\t\n\n<div class=\"row row-large align-middle\"  id=\"row-1154649016\">\n\n\n\t<div id=\"col-143366790\" class=\"col medium-6 small-12 large-6\"  >\n\t\t\t\t<div class=\"col-inner text-left\"  >\n\t\t\t\n\t\t\t\n\n<h2 class=\"uppercase\">climatology<\/h2>\n<p>Located in an area with a more shady orientation and a more continental microclimate, we produce more acidic and energetic wines, slightly different from those in the Maresme area of the DO Alella.<\/p>\n\n\t\t<\/div>\n\t\t\t\t\t<\/div>\n\n\t\n\n\t<div id=\"col-1442109029\" class=\"col medium-6 small-12 large-6\"  >\n\t\t\t\t<div class=\"col-inner\"  >\n\t\t\t\n\t\t\t\n\n\t<div class=\"img has-hover x md-x lg-x y md-y lg-y\" id=\"image_991012364\">\n\t\t\t\t\t\t\t\t<div class=\"img-inner dark\" >\n\t\t\t<img loading=\"lazy\" decoding=\"async\" width=\"1020\" height=\"680\" src=\"https:\/\/serraladademarina.cat\/wp-content\/uploads\/2022\/07\/botellas-vino-tinto.webp\" class=\"attachment-large size-large\" alt=\"Ampolles vi Serralada Marina\" srcset=\"https:\/\/serraladademarina.cat\/wp-content\/uploads\/2022\/07\/botellas-vino-tinto.webp 1200w, https:\/\/serraladademarina.cat\/wp-content\/uploads\/2022\/07\/botellas-vino-tinto-600x400.webp 600w, https:\/\/serraladademarina.cat\/wp-content\/uploads\/2022\/07\/botellas-vino-tinto-768x512.webp 768w\" sizes=\"auto, (max-width: 1020px) 100vw, 1020px\" \/>\t\t\t\t\t\t\n\t\t\t\t\t<\/div>\n\t\t\t\t\t\t\t\t\n<style>\n#image_991012364 {\n  width: 100%;\n}\n<\/style>\n\t<\/div>\n\t\n\n\n\t\t<\/div>\n\t\t\t\t\t<\/div>\n\n\t\n\n<\/div>\n\n\t\t<\/div>\n\n\t\t\n<style>\n#section_1829763958 {\n  padding-top: 60px;\n  padding-bottom: 60px;\n  background-color: rgb(255, 255, 255);\n}\n#section_1829763958 .section-bg-overlay {\n  background-color: rgba(255, 255, 255, 0.85);\n}\n<\/style>\n\t<\/section>\n\t\n","protected":false},"excerpt":{"rendered":"","protected":false},"author":1,"featured_media":626,"parent":0,"menu_order":1,"comment_status":"closed","ping_status":"closed","template":"page-blank.php","meta":{"footnotes":""},"class_list":["post-703","page","type-page","status-publish","has-post-thumbnail","hentry"],"yoast_head":"<!-- This site is optimized with the Yoast SEO plugin v27.1.1 - https:\/\/yoast.com\/product\/yoast-seo-wordpress\/ -->\n<title>Serralada de Marina - Winery PDO Alella Barcelona Spain<\/title>\n<meta name=\"description\" content=\"Discover the wines of Serralada de Marina, made from old vines located in the Vall\u00e8s Oriental Natural Park. This project is part of Celler Can Roda winery.\" \/>\n<meta name=\"robots\" content=\"index, follow, max-snippet:-1, max-image-preview:large, max-video-preview:-1\" \/>\n<link rel=\"canonical\" href=\"https:\/\/serraladademarina.cat\/en\/\" \/>\n<meta property=\"og:locale\" content=\"en_US\" \/>\n<meta property=\"og:type\" content=\"article\" \/>\n<meta property=\"og:title\" content=\"Serralada de Marina - Winery PDO Alella Barcelona Spain\" \/>\n<meta property=\"og:description\" content=\"Discover the wines of Serralada de Marina, made from old vines located in the Vall\u00e8s Oriental Natural Park. This project is part of Celler Can Roda winery.\" \/>\n<meta property=\"og:url\" content=\"https:\/\/serraladademarina.cat\/en\/\" \/>\n<meta property=\"og:site_name\" content=\"Serralada de Marina\" \/>\n<meta property=\"article:modified_time\" content=\"2022-08-04T15:39:34+00:00\" \/>\n<meta property=\"og:image\" content=\"https:\/\/serraladademarina.cat\/wp-content\/uploads\/2016\/08\/dummy-1.jpg\" \/>\n\t<meta property=\"og:image:width\" content=\"400\" \/>\n\t<meta property=\"og:image:height\" content=\"260\" \/>\n\t<meta property=\"og:image:type\" content=\"image\/jpeg\" \/>\n<meta name=\"twitter:card\" content=\"summary_large_image\" \/>\n<meta name=\"twitter:label1\" content=\"Est. reading time\" \/>\n\t<meta name=\"twitter:data1\" content=\"2 minutes\" \/>\n<script type=\"application\/ld+json\" class=\"yoast-schema-graph\">{\"@context\":\"https:\/\/schema.org\",\"@graph\":[{\"@type\":\"WebPage\",\"@id\":\"https:\/\/serraladademarina.cat\/en\/\",\"url\":\"https:\/\/serraladademarina.cat\/en\/\",\"name\":\"Serralada de Marina - Winery PDO Alella Barcelona Spain\",\"isPartOf\":{\"@id\":\"https:\/\/serraladademarina.cat\/en\/#website\"},\"primaryImageOfPage\":{\"@id\":\"https:\/\/serraladademarina.cat\/en\/#primaryimage\"},\"image\":{\"@id\":\"https:\/\/serraladademarina.cat\/en\/#primaryimage\"},\"thumbnailUrl\":\"https:\/\/serraladademarina.cat\/wp-content\/uploads\/2016\/08\/dummy-1.jpg\",\"datePublished\":\"2016-02-18T13:10:52+00:00\",\"dateModified\":\"2022-08-04T15:39:34+00:00\",\"description\":\"Discover the wines of Serralada de Marina, made from old vines located in the Vall\u00e8s Oriental Natural Park. This project is part of Celler Can Roda winery.\",\"breadcrumb\":{\"@id\":\"https:\/\/serraladademarina.cat\/en\/#breadcrumb\"},\"inLanguage\":\"en-US\",\"potentialAction\":[{\"@type\":\"ReadAction\",\"target\":[\"https:\/\/serraladademarina.cat\/en\/\"]}]},{\"@type\":\"ImageObject\",\"inLanguage\":\"en-US\",\"@id\":\"https:\/\/serraladademarina.cat\/en\/#primaryimage\",\"url\":\"https:\/\/serraladademarina.cat\/wp-content\/uploads\/2016\/08\/dummy-1.jpg\",\"contentUrl\":\"https:\/\/serraladademarina.cat\/wp-content\/uploads\/2016\/08\/dummy-1.jpg\",\"width\":400,\"height\":260},{\"@type\":\"BreadcrumbList\",\"@id\":\"https:\/\/serraladademarina.cat\/en\/#breadcrumb\",\"itemListElement\":[{\"@type\":\"ListItem\",\"position\":1,\"name\":\"Home\",\"item\":\"https:\/\/serraladademarina.cat\/en\/\"},{\"@type\":\"ListItem\",\"position\":2,\"name\":\"home\"}]},{\"@type\":\"WebSite\",\"@id\":\"https:\/\/serraladademarina.cat\/en\/#website\",\"url\":\"https:\/\/serraladademarina.cat\/en\/\",\"name\":\"Serralada de Marina\",\"description\":\"Vins DO Alella\",\"publisher\":{\"@id\":\"https:\/\/serraladademarina.cat\/en\/#organization\"},\"potentialAction\":[{\"@type\":\"SearchAction\",\"target\":{\"@type\":\"EntryPoint\",\"urlTemplate\":\"https:\/\/serraladademarina.cat\/en\/?s={search_term_string}\"},\"query-input\":{\"@type\":\"PropertyValueSpecification\",\"valueRequired\":true,\"valueName\":\"search_term_string\"}}],\"inLanguage\":\"en-US\"},{\"@type\":\"Organization\",\"@id\":\"https:\/\/serraladademarina.cat\/en\/#organization\",\"name\":\"Serralada de Marina\",\"url\":\"https:\/\/serraladademarina.cat\/en\/\",\"logo\":{\"@type\":\"ImageObject\",\"inLanguage\":\"en-US\",\"@id\":\"https:\/\/serraladademarina.cat\/en\/#\/schema\/logo\/image\/\",\"url\":\"https:\/\/serraladademarina.cat\/wp-content\/uploads\/2021\/04\/cropped-icon_serralada_marina-1.png\",\"contentUrl\":\"https:\/\/serraladademarina.cat\/wp-content\/uploads\/2021\/04\/cropped-icon_serralada_marina-1.png\",\"width\":512,\"height\":512,\"caption\":\"Serralada de Marina\"},\"image\":{\"@id\":\"https:\/\/serraladademarina.cat\/en\/#\/schema\/logo\/image\/\"}}]}<\/script>\n<!-- \/ Yoast SEO plugin. -->","yoast_head_json":{"title":"Serralada de Marina - Winery PDO Alella Barcelona Spain","description":"Discover the wines of Serralada de Marina, made from old vines located in the Vall\u00e8s Oriental Natural Park. This project is part of Celler Can Roda winery.","robots":{"index":"index","follow":"follow","max-snippet":"max-snippet:-1","max-image-preview":"max-image-preview:large","max-video-preview":"max-video-preview:-1"},"canonical":"https:\/\/serraladademarina.cat\/en\/","og_locale":"en_US","og_type":"article","og_title":"Serralada de Marina - Winery PDO Alella Barcelona Spain","og_description":"Discover the wines of Serralada de Marina, made from old vines located in the Vall\u00e8s Oriental Natural Park. This project is part of Celler Can Roda winery.","og_url":"https:\/\/serraladademarina.cat\/en\/","og_site_name":"Serralada de Marina","article_modified_time":"2022-08-04T15:39:34+00:00","og_image":[{"width":400,"height":260,"url":"https:\/\/serraladademarina.cat\/wp-content\/uploads\/2016\/08\/dummy-1.jpg","type":"image\/jpeg"}],"twitter_card":"summary_large_image","twitter_misc":{"Est. reading time":"2 minutes"},"schema":{"@context":"https:\/\/schema.org","@graph":[{"@type":"WebPage","@id":"https:\/\/serraladademarina.cat\/en\/","url":"https:\/\/serraladademarina.cat\/en\/","name":"Serralada de Marina - Winery PDO Alella Barcelona Spain","isPartOf":{"@id":"https:\/\/serraladademarina.cat\/en\/#website"},"primaryImageOfPage":{"@id":"https:\/\/serraladademarina.cat\/en\/#primaryimage"},"image":{"@id":"https:\/\/serraladademarina.cat\/en\/#primaryimage"},"thumbnailUrl":"https:\/\/serraladademarina.cat\/wp-content\/uploads\/2016\/08\/dummy-1.jpg","datePublished":"2016-02-18T13:10:52+00:00","dateModified":"2022-08-04T15:39:34+00:00","description":"Discover the wines of Serralada de Marina, made from old vines located in the Vall\u00e8s Oriental Natural Park. This project is part of Celler Can Roda winery.","breadcrumb":{"@id":"https:\/\/serraladademarina.cat\/en\/#breadcrumb"},"inLanguage":"en-US","potentialAction":[{"@type":"ReadAction","target":["https:\/\/serraladademarina.cat\/en\/"]}]},{"@type":"ImageObject","inLanguage":"en-US","@id":"https:\/\/serraladademarina.cat\/en\/#primaryimage","url":"https:\/\/serraladademarina.cat\/wp-content\/uploads\/2016\/08\/dummy-1.jpg","contentUrl":"https:\/\/serraladademarina.cat\/wp-content\/uploads\/2016\/08\/dummy-1.jpg","width":400,"height":260},{"@type":"BreadcrumbList","@id":"https:\/\/serraladademarina.cat\/en\/#breadcrumb","itemListElement":[{"@type":"ListItem","position":1,"name":"Home","item":"https:\/\/serraladademarina.cat\/en\/"},{"@type":"ListItem","position":2,"name":"home"}]},{"@type":"WebSite","@id":"https:\/\/serraladademarina.cat\/en\/#website","url":"https:\/\/serraladademarina.cat\/en\/","name":"Serralada de Marina","description":"Vins DO Alella","publisher":{"@id":"https:\/\/serraladademarina.cat\/en\/#organization"},"potentialAction":[{"@type":"SearchAction","target":{"@type":"EntryPoint","urlTemplate":"https:\/\/serraladademarina.cat\/en\/?s={search_term_string}"},"query-input":{"@type":"PropertyValueSpecification","valueRequired":true,"valueName":"search_term_string"}}],"inLanguage":"en-US"},{"@type":"Organization","@id":"https:\/\/serraladademarina.cat\/en\/#organization","name":"Serralada de Marina","url":"https:\/\/serraladademarina.cat\/en\/","logo":{"@type":"ImageObject","inLanguage":"en-US","@id":"https:\/\/serraladademarina.cat\/en\/#\/schema\/logo\/image\/","url":"https:\/\/serraladademarina.cat\/wp-content\/uploads\/2021\/04\/cropped-icon_serralada_marina-1.png","contentUrl":"https:\/\/serraladademarina.cat\/wp-content\/uploads\/2021\/04\/cropped-icon_serralada_marina-1.png","width":512,"height":512,"caption":"Serralada de Marina"},"image":{"@id":"https:\/\/serraladademarina.cat\/en\/#\/schema\/logo\/image\/"}}]}},"_links":{"self":[{"href":"https:\/\/serraladademarina.cat\/en\/wp-json\/wp\/v2\/pages\/703","targetHints":{"allow":["GET"]}}],"collection":[{"href":"https:\/\/serraladademarina.cat\/en\/wp-json\/wp\/v2\/pages"}],"about":[{"href":"https:\/\/serraladademarina.cat\/en\/wp-json\/wp\/v2\/types\/page"}],"author":[{"embeddable":true,"href":"https:\/\/serraladademarina.cat\/en\/wp-json\/wp\/v2\/users\/1"}],"replies":[{"embeddable":true,"href":"https:\/\/serraladademarina.cat\/en\/wp-json\/wp\/v2\/comments?post=703"}],"version-history":[{"count":14,"href":"https:\/\/serraladademarina.cat\/en\/wp-json\/wp\/v2\/pages\/703\/revisions"}],"predecessor-version":[{"id":1181,"href":"https:\/\/serraladademarina.cat\/en\/wp-json\/wp\/v2\/pages\/703\/revisions\/1181"}],"wp:featuredmedia":[{"embeddable":true,"href":"https:\/\/serraladademarina.cat\/en\/wp-json\/wp\/v2\/media\/626"}],"wp:attachment":[{"href":"https:\/\/serraladademarina.cat\/en\/wp-json\/wp\/v2\/media?parent=703"}],"curies":[{"name":"wp","href":"https:\/\/api.w.org\/{rel}","templated":true}]}}