{"id":47,"date":"2016-02-18T15:10:52","date_gmt":"2016-02-18T15:10:52","guid":{"rendered":"http:\/\/flatsome.dev\/?page_id=4041"},"modified":"2022-08-04T17:37:22","modified_gmt":"2022-08-04T15:37:22","slug":"home","status":"publish","type":"page","link":"https:\/\/serraladademarina.cat\/ca\/","title":{"rendered":"Inici"},"content":{"rendered":"\n<div class=\"slider-wrapper relative\" id=\"slider-1537971007\" >\n    <div class=\"slider slider-nav-circle slider-nav-large slider-nav-light slider-style-normal\"\n        data-flickity-options='{\n            \"cellAlign\": \"center\",\n            \"imagesLoaded\": true,\n            \"lazyLoad\": 1,\n            \"freeScroll\": false,\n            \"wrapAround\": true,\n            \"autoPlay\": 6000,\n            \"pauseAutoPlayOnHover\" : true,\n            \"prevNextButtons\": true,\n            \"contain\" : true,\n            \"adaptiveHeight\" : true,\n            \"dragThreshold\" : 10,\n            \"percentPosition\": true,\n            \"pageDots\": true,\n            \"rightToLeft\": false,\n            \"draggable\": true,\n            \"selectedAttraction\": 0.1,\n            \"parallax\" : 0,\n            \"friction\": 0.6        }'\n        >\n        \n\n\n  <div class=\"banner has-hover\" id=\"banner-94416646\">\n          <div class=\"banner-inner fill\">\n        <div class=\"banner-bg fill\" >\n            <img loading=\"lazy\" decoding=\"async\" width=\"2560\" height=\"1707\" src=\"https:\/\/serraladademarina.cat\/wp-content\/uploads\/2021\/04\/puesta-de-sol-uvas-scaled.jpg\" class=\"bg attachment-original size-original\" alt=\"Verema vins Serralada de Marina\" \/>                                    \n                    <\/div>\n\t\t\n        <div class=\"banner-layers container\">\n            <div class=\"fill banner-link\"><\/div>            \n\n   <div id=\"text-box-274359257\" class=\"text-box banner-layer x5 md-x5 lg-x5 y95 md-y50 lg-y50 res-text\">\n                                <div class=\"text-box-content text box-shadow-1\">\n              \n              <div class=\"text-inner text-left\">\n                  \n\n<h3>Celler<\/h3>\n<h1 class=\"uppercase\">serralada de marina<\/h1>\n<p>Celler de la DO Alella amb vinyes situades a Sant Fost de Campsentelles, Martorelles, Montorn\u00e8s del Vall\u00e8s i Santa Maria de Martorelles, a la zona geogr\u00e0fica del Vall\u00e8s Oriental, en el vessant interior de la Serralada de Marina.<\/p>\n\n              <\/div>\n           <\/div>\n                            \n<style>\n#text-box-274359257 .text-box-content {\n  background-color: rgba(255, 255, 255, 0.94);\n  font-size: 100%;\n}\n#text-box-274359257 .text-inner {\n  padding: 30px 30px 30px 30px;\n}\n#text-box-274359257 {\n  width: 90%;\n}\n@media (min-width:550px) {\n  #text-box-274359257 {\n    width: 44%;\n  }\n}\n<\/style>\n    <\/div>\n \n\n        <\/div>\n      <\/div>\n\n            \n<style>\n#banner-94416646 {\n  padding-top: 350px;\n}\n#banner-94416646 .banner-bg img {\n  object-position: 62% 60%;\n}\n@media (min-width:550px) {\n  #banner-94416646 {\n    padding-top: 637px;\n  }\n}\n<\/style>\n  <\/div>\n\n\n\n     <\/div>\n\n     <div class=\"loading-spin dark large centered\"><\/div>\n\n\t<\/div>\n\n\n\n\t<section class=\"section\" id=\"section_57614765\">\n\t\t<div class=\"section-bg fill\" >\n\t\t\t\t\t\t\t\t\t\n\t\t\t\n\n\t\t<\/div>\n\n\t\t\n\n\t\t<div class=\"section-content relative\">\n\t\t\t\n\n<div class=\"row row-large align-center row-divided\"  id=\"row-945727071\">\n\n\n\t<div id=\"col-1979720390\" class=\"col medium-4 small-10 large-4\"  >\n\t\t\t\t<div class=\"col-inner\"  >\n\t\t\t\n\t\t\t\n\n\t<div class=\"box has-hover   has-hover box-text-bottom\" >\n\n\t\t<div class=\"box-image\" style=\"width:29%;\">\n\t\t\t\t\t\t<div class=\"\" >\n\t\t\t\t<img decoding=\"async\" src=\"https:\/\/serraladademarina.cat\/wp-content\/uploads\/2021\/10\/icono_botella_vino.svg\" class=\"attachment- size-\" alt=\"\" \/>\t\t\t\t\t\t\t\t\t\t\t<\/div>\n\t\t\t\t\t<\/div>\n\n\t\t<div class=\"box-text text-center\" >\n\t\t\t<div class=\"box-text-inner\">\n\t\t\t\t\n\n<h4>7 vins diferents<\/h4>\n<p>Pansa Blanca, El Pas de les Bruixes, Santa Maria, Quatre termes&#8230;<\/p>\n<a href=\"https:\/\/serraladademarina.cat\/vins\/\" class=\"button primary\" >\n\t\t<span>m\u00e9s informaci\u00f3<\/span>\n\t<\/a>\n\n\n\n\t\t\t<\/div>\n\t\t<\/div>\n\t<\/div>\n\t\n\n\t\t<\/div>\n\t\t\t\t\t<\/div>\n\n\t\n\n\t<div id=\"col-871916760\" class=\"col medium-4 small-10 large-4\"  >\n\t\t\t\t<div class=\"col-inner\"  >\n\t\t\t\n\t\t\t\n\n\t<div class=\"box has-hover   has-hover box-text-bottom\" >\n\n\t\t<div class=\"box-image\" style=\"border-radius:39%;width:30%;\">\n\t\t\t\t\t\t<div class=\"\" >\n\t\t\t\t<img decoding=\"async\" src=\"https:\/\/serraladademarina.cat\/wp-content\/uploads\/2021\/10\/pencil-512.svg\" class=\"attachment- size-\" alt=\"\" \/>\t\t\t\t\t\t\t\t\t\t\t<\/div>\n\t\t\t\t\t<\/div>\n\n\t\t<div class=\"box-text text-center\" >\n\t\t\t<div class=\"box-text-inner\">\n\t\t\t\t\n\n<h4>Vols saber m\u00e9s sobre nosaltres?<\/h4>\n<p>Fes-nos arribar la teva consulta a trav\u00e9s de correu o formulari<\/p>\n<a href=\"https:\/\/serraladademarina.cat\/contacte\/\" class=\"button primary\" >\n\t\t<span>contacta<\/span>\n\t<\/a>\n\n\n\n\t\t\t<\/div>\n\t\t<\/div>\n\t<\/div>\n\t\n\n\t\t<\/div>\n\t\t\t\t\t<\/div>\n\n\t\n\n\t<div id=\"col-1905448601\" class=\"col medium-4 small-10 large-4\"  >\n\t\t\t\t<div class=\"col-inner\"  >\n\t\t\t\n\t\t\t\n\n\t<div class=\"box has-hover   has-hover box-text-bottom\" >\n\n\t\t<div class=\"box-image\" style=\"width:30%;\">\n\t\t\t\t\t\t<div class=\"\" >\n\t\t\t\t<img decoding=\"async\" src=\"https:\/\/serraladademarina.cat\/wp-content\/uploads\/2022\/07\/wine-taste-3.svg\" class=\"attachment- size-\" alt=\"\" \/>\t\t\t\t\t\t\t\t\t\t\t<\/div>\n\t\t\t\t\t<\/div>\n\n\t\t<div class=\"box-text text-center\" >\n\t\t\t<div class=\"box-text-inner\">\n\t\t\t\t\n\n<h4>Ofertes enotur\u00edstiques \u00faniques<\/h4>\n<p>Vine al nostre celler Can Roda on vinifiquem els vins Serralada de Marina<\/p>\n<a href=\"https:\/\/cellercanroda.cat\/ca\/visita\/enoturisme-visita-enologica-al-celler\/\" target=\"_blank\" class=\"button primary\" rel=\"noopener\" >\n\t\t<span>visita'ns<\/span>\n\t<\/a>\n\n\n\n\t\t\t<\/div>\n\t\t<\/div>\n\t<\/div>\n\t\n\n\t\t<\/div>\n\t\t\t\t\t<\/div>\n\n\t\n\n<\/div>\n\n\t\t<\/div>\n\n\t\t\n<style>\n#section_57614765 {\n  padding-top: 30px;\n  padding-bottom: 30px;\n  background-color: rgb(255, 255, 255);\n}\n<\/style>\n\t<\/section>\n\t\n\n\t<section class=\"section\" id=\"section_630657507\">\n\t\t<div class=\"section-bg fill\" >\n\t\t\t\t\t\t\t\t\t<div class=\"section-bg-overlay absolute fill\"><\/div>\n\t\t\t\n\t<div class=\"is-border\"\n\t\tstyle=\"border-width:1px 0px 1px 0px;\">\n\t<\/div>\n\n\t\t<\/div>\n\n\t\t\n\n\t\t<div class=\"section-content relative\">\n\t\t\t\n\n<div class=\"row row-large align-middle\"  id=\"row-1495686733\">\n\n\n\t<div id=\"col-238152686\" class=\"col medium-6 small-12 large-6\"  >\n\t\t\t\t<div class=\"col-inner\"  >\n\t\t\t\n\t\t\t\n\n\t<div class=\"img has-hover x md-x lg-x y md-y lg-y\" id=\"image_619882890\">\n\t\t\t\t\t\t\t\t<div class=\"img-inner dark\" >\n\t\t\t<img loading=\"lazy\" decoding=\"async\" width=\"1020\" height=\"725\" src=\"https:\/\/serraladademarina.cat\/wp-content\/uploads\/2022\/07\/hilera-vinedos-serralada-marina.webp\" class=\"attachment-large size-large\" alt=\"Vinyes Serralada de Marina\" srcset=\"https:\/\/serraladademarina.cat\/wp-content\/uploads\/2022\/07\/hilera-vinedos-serralada-marina.webp 1037w, https:\/\/serraladademarina.cat\/wp-content\/uploads\/2022\/07\/hilera-vinedos-serralada-marina-563x400.webp 563w, https:\/\/serraladademarina.cat\/wp-content\/uploads\/2022\/07\/hilera-vinedos-serralada-marina-768x546.webp 768w\" sizes=\"auto, (max-width: 1020px) 100vw, 1020px\" \/>\t\t\t\t\t\t\n\t\t\t\t\t<\/div>\n\t\t\t\t\t\t\t\t\n<style>\n#image_619882890 {\n  width: 100%;\n}\n<\/style>\n\t<\/div>\n\t\n\n\n\t\t<\/div>\n\t\t\t\t\t<\/div>\n\n\t\n\n\t<div id=\"col-2025943404\" class=\"col medium-6 small-12 large-6 small-col-first\"  >\n\t\t\t\t<div class=\"col-inner text-left\"  >\n\t\t\t\n\t\t\t\n\n<h2 class=\"uppercase\">Terreny<\/h2>\n<p>Els terrenys que ocupen les vinyes s\u00f3n de saul\u00f3. Aquest tipus de s\u00f2l sorrenc \u00e9s molt permeable, t\u00e9 un bon drenatge i un \u00edndex molt alt de retenci\u00f3 de la radiaci\u00f3 solar, el que afavoreix la maduraci\u00f3 adequada del ra\u00efm.<\/p>\n\n\t\t<\/div>\n\t\t\t\t\t<\/div>\n\n\t\n\n<\/div>\n\n\t\t<\/div>\n\n\t\t\n<style>\n#section_630657507 {\n  padding-top: 60px;\n  padding-bottom: 60px;\n  background-color: rgb(193, 193, 193);\n}\n#section_630657507 .section-bg-overlay {\n  background-color: rgba(255, 255, 255, 0.85);\n}\n<\/style>\n\t<\/section>\n\t\n\n\t<section class=\"section\" id=\"section_185984923\">\n\t\t<div class=\"section-bg fill\" >\n\t\t\t\t\t\t\t\t\t<div class=\"section-bg-overlay absolute fill\"><\/div>\n\t\t\t\n\n\t\t<\/div>\n\n\t\t\n\n\t\t<div class=\"section-content relative\">\n\t\t\t\n\n<div class=\"row row-large align-middle\"  id=\"row-119066282\">\n\n\n\t<div id=\"col-1763152046\" class=\"col medium-6 small-12 large-6\"  >\n\t\t\t\t<div class=\"col-inner text-left\"  >\n\t\t\t\n\t\t\t\n\n<h2 class=\"uppercase\">climatologia<\/h2>\n<p>Situat en una zona amb una orientaci\u00f3 m\u00e9s obaga i un microclima m\u00e9s continental, produ\u00efm uns vins m\u00e9s \u00e0cids i en\u00e8rgics, lleugerament diferents als de la zona del Maresme de la DO Alella.<\/p>\n\n\t\t<\/div>\n\t\t\t\t\t<\/div>\n\n\t\n\n\t<div id=\"col-1495358083\" class=\"col medium-6 small-12 large-6\"  >\n\t\t\t\t<div class=\"col-inner\"  >\n\t\t\t\n\t\t\t\n\n\t<div class=\"img has-hover x md-x lg-x y md-y lg-y\" id=\"image_2060794168\">\n\t\t\t\t\t\t\t\t<div class=\"img-inner dark\" >\n\t\t\t<img loading=\"lazy\" decoding=\"async\" width=\"1020\" height=\"680\" src=\"https:\/\/serraladademarina.cat\/wp-content\/uploads\/2022\/07\/botellas-vino-tinto.webp\" class=\"attachment-large size-large\" alt=\"Ampolles vi Serralada de Marina\" srcset=\"https:\/\/serraladademarina.cat\/wp-content\/uploads\/2022\/07\/botellas-vino-tinto.webp 1200w, https:\/\/serraladademarina.cat\/wp-content\/uploads\/2022\/07\/botellas-vino-tinto-600x400.webp 600w, https:\/\/serraladademarina.cat\/wp-content\/uploads\/2022\/07\/botellas-vino-tinto-768x512.webp 768w\" sizes=\"auto, (max-width: 1020px) 100vw, 1020px\" \/>\t\t\t\t\t\t\n\t\t\t\t\t<\/div>\n\t\t\t\t\t\t\t\t\n<style>\n#image_2060794168 {\n  width: 100%;\n}\n<\/style>\n\t<\/div>\n\t\n\n\n\t\t<\/div>\n\t\t\t\t\t<\/div>\n\n\t\n\n<\/div>\n\n\t\t<\/div>\n\n\t\t\n<style>\n#section_185984923 {\n  padding-top: 60px;\n  padding-bottom: 60px;\n  background-color: rgb(255, 255, 255);\n}\n#section_185984923 .section-bg-overlay {\n  background-color: rgba(255, 255, 255, 0.85);\n}\n<\/style>\n\t<\/section>\n\t\n","protected":false},"excerpt":{"rendered":"","protected":false},"author":1,"featured_media":17,"parent":0,"menu_order":1,"comment_status":"closed","ping_status":"closed","template":"page-blank.php","meta":{"footnotes":""},"class_list":["post-47","page","type-page","status-publish","has-post-thumbnail","hentry"],"yoast_head":"<!-- This site is optimized with the Yoast SEO plugin v27.1.1 - https:\/\/yoast.com\/product\/yoast-seo-wordpress\/ -->\n<title>Serralada de Marina - Vins DO Alella Barcelona<\/title>\n<meta name=\"description\" content=\"Descobreix els vins de Serralada de Marina, fets amb vinyes velles situades al Parc Natural del Vall\u00e8s Oriental. Aquest projecte forma part de Celler Can Roda.\" \/>\n<meta name=\"robots\" content=\"index, follow, max-snippet:-1, max-image-preview:large, max-video-preview:-1\" \/>\n<link rel=\"canonical\" href=\"https:\/\/serraladademarina.cat\/ca\/\" \/>\n<meta property=\"og:locale\" content=\"ca_ES\" \/>\n<meta property=\"og:type\" content=\"article\" \/>\n<meta property=\"og:title\" content=\"Serralada de Marina - Vins DO Alella Barcelona\" \/>\n<meta property=\"og:description\" content=\"Descobreix els vins de Serralada de Marina, fets amb vinyes velles situades al Parc Natural del Vall\u00e8s Oriental. Aquest projecte forma part de Celler Can Roda.\" \/>\n<meta property=\"og:url\" content=\"https:\/\/serraladademarina.cat\/ca\/\" \/>\n<meta property=\"og:site_name\" content=\"Serralada de Marina\" \/>\n<meta property=\"article:modified_time\" content=\"2022-08-04T15:37:22+00:00\" \/>\n<meta property=\"og:image\" content=\"https:\/\/serraladademarina.cat\/wp-content\/uploads\/2016\/08\/dummy-1.jpg\" \/>\n\t<meta property=\"og:image:width\" content=\"400\" \/>\n\t<meta property=\"og:image:height\" content=\"260\" \/>\n\t<meta property=\"og:image:type\" content=\"image\/jpeg\" \/>\n<meta name=\"twitter:card\" content=\"summary_large_image\" \/>\n<meta name=\"twitter:label1\" content=\"Temps estimat de lectura\" \/>\n\t<meta name=\"twitter:data1\" content=\"2 minuts\" \/>\n<script type=\"application\/ld+json\" class=\"yoast-schema-graph\">{\"@context\":\"https:\/\/schema.org\",\"@graph\":[{\"@type\":\"WebPage\",\"@id\":\"https:\/\/serraladademarina.cat\/ca\/\",\"url\":\"https:\/\/serraladademarina.cat\/ca\/\",\"name\":\"Serralada de Marina - Vins DO Alella Barcelona\",\"isPartOf\":{\"@id\":\"https:\/\/serraladademarina.cat\/ca\/#website\"},\"primaryImageOfPage\":{\"@id\":\"https:\/\/serraladademarina.cat\/ca\/#primaryimage\"},\"image\":{\"@id\":\"https:\/\/serraladademarina.cat\/ca\/#primaryimage\"},\"thumbnailUrl\":\"https:\/\/serraladademarina.cat\/wp-content\/uploads\/2016\/08\/dummy-1.jpg\",\"datePublished\":\"2016-02-18T15:10:52+00:00\",\"dateModified\":\"2022-08-04T15:37:22+00:00\",\"description\":\"Descobreix els vins de Serralada de Marina, fets amb vinyes velles situades al Parc Natural del Vall\u00e8s Oriental. Aquest projecte forma part de Celler Can Roda.\",\"breadcrumb\":{\"@id\":\"https:\/\/serraladademarina.cat\/ca\/#breadcrumb\"},\"inLanguage\":\"ca\",\"potentialAction\":[{\"@type\":\"ReadAction\",\"target\":[\"https:\/\/serraladademarina.cat\/ca\/\"]}]},{\"@type\":\"ImageObject\",\"inLanguage\":\"ca\",\"@id\":\"https:\/\/serraladademarina.cat\/ca\/#primaryimage\",\"url\":\"https:\/\/serraladademarina.cat\/wp-content\/uploads\/2016\/08\/dummy-1.jpg\",\"contentUrl\":\"https:\/\/serraladademarina.cat\/wp-content\/uploads\/2016\/08\/dummy-1.jpg\",\"width\":400,\"height\":260},{\"@type\":\"BreadcrumbList\",\"@id\":\"https:\/\/serraladademarina.cat\/ca\/#breadcrumb\",\"itemListElement\":[{\"@type\":\"ListItem\",\"position\":1,\"name\":\"Home\",\"item\":\"https:\/\/serraladademarina.cat\/ca\/\"},{\"@type\":\"ListItem\",\"position\":2,\"name\":\"Inici\"}]},{\"@type\":\"WebSite\",\"@id\":\"https:\/\/serraladademarina.cat\/ca\/#website\",\"url\":\"https:\/\/serraladademarina.cat\/ca\/\",\"name\":\"Serralada de Marina\",\"description\":\"Vins DO Alella\",\"publisher\":{\"@id\":\"https:\/\/serraladademarina.cat\/ca\/#organization\"},\"potentialAction\":[{\"@type\":\"SearchAction\",\"target\":{\"@type\":\"EntryPoint\",\"urlTemplate\":\"https:\/\/serraladademarina.cat\/ca\/?s={search_term_string}\"},\"query-input\":{\"@type\":\"PropertyValueSpecification\",\"valueRequired\":true,\"valueName\":\"search_term_string\"}}],\"inLanguage\":\"ca\"},{\"@type\":\"Organization\",\"@id\":\"https:\/\/serraladademarina.cat\/ca\/#organization\",\"name\":\"Serralada de Marina\",\"url\":\"https:\/\/serraladademarina.cat\/ca\/\",\"logo\":{\"@type\":\"ImageObject\",\"inLanguage\":\"ca\",\"@id\":\"https:\/\/serraladademarina.cat\/ca\/#\/schema\/logo\/image\/\",\"url\":\"https:\/\/serraladademarina.cat\/wp-content\/uploads\/2021\/04\/cropped-icon_serralada_marina-1.png\",\"contentUrl\":\"https:\/\/serraladademarina.cat\/wp-content\/uploads\/2021\/04\/cropped-icon_serralada_marina-1.png\",\"width\":512,\"height\":512,\"caption\":\"Serralada de Marina\"},\"image\":{\"@id\":\"https:\/\/serraladademarina.cat\/ca\/#\/schema\/logo\/image\/\"}}]}<\/script>\n<!-- \/ Yoast SEO plugin. -->","yoast_head_json":{"title":"Serralada de Marina - Vins DO Alella Barcelona","description":"Descobreix els vins de Serralada de Marina, fets amb vinyes velles situades al Parc Natural del Vall\u00e8s Oriental. Aquest projecte forma part de Celler Can Roda.","robots":{"index":"index","follow":"follow","max-snippet":"max-snippet:-1","max-image-preview":"max-image-preview:large","max-video-preview":"max-video-preview:-1"},"canonical":"https:\/\/serraladademarina.cat\/ca\/","og_locale":"ca_ES","og_type":"article","og_title":"Serralada de Marina - Vins DO Alella Barcelona","og_description":"Descobreix els vins de Serralada de Marina, fets amb vinyes velles situades al Parc Natural del Vall\u00e8s Oriental. Aquest projecte forma part de Celler Can Roda.","og_url":"https:\/\/serraladademarina.cat\/ca\/","og_site_name":"Serralada de Marina","article_modified_time":"2022-08-04T15:37:22+00:00","og_image":[{"width":400,"height":260,"url":"https:\/\/serraladademarina.cat\/wp-content\/uploads\/2016\/08\/dummy-1.jpg","type":"image\/jpeg"}],"twitter_card":"summary_large_image","twitter_misc":{"Temps estimat de lectura":"2 minuts"},"schema":{"@context":"https:\/\/schema.org","@graph":[{"@type":"WebPage","@id":"https:\/\/serraladademarina.cat\/ca\/","url":"https:\/\/serraladademarina.cat\/ca\/","name":"Serralada de Marina - Vins DO Alella Barcelona","isPartOf":{"@id":"https:\/\/serraladademarina.cat\/ca\/#website"},"primaryImageOfPage":{"@id":"https:\/\/serraladademarina.cat\/ca\/#primaryimage"},"image":{"@id":"https:\/\/serraladademarina.cat\/ca\/#primaryimage"},"thumbnailUrl":"https:\/\/serraladademarina.cat\/wp-content\/uploads\/2016\/08\/dummy-1.jpg","datePublished":"2016-02-18T15:10:52+00:00","dateModified":"2022-08-04T15:37:22+00:00","description":"Descobreix els vins de Serralada de Marina, fets amb vinyes velles situades al Parc Natural del Vall\u00e8s Oriental. Aquest projecte forma part de Celler Can Roda.","breadcrumb":{"@id":"https:\/\/serraladademarina.cat\/ca\/#breadcrumb"},"inLanguage":"ca","potentialAction":[{"@type":"ReadAction","target":["https:\/\/serraladademarina.cat\/ca\/"]}]},{"@type":"ImageObject","inLanguage":"ca","@id":"https:\/\/serraladademarina.cat\/ca\/#primaryimage","url":"https:\/\/serraladademarina.cat\/wp-content\/uploads\/2016\/08\/dummy-1.jpg","contentUrl":"https:\/\/serraladademarina.cat\/wp-content\/uploads\/2016\/08\/dummy-1.jpg","width":400,"height":260},{"@type":"BreadcrumbList","@id":"https:\/\/serraladademarina.cat\/ca\/#breadcrumb","itemListElement":[{"@type":"ListItem","position":1,"name":"Home","item":"https:\/\/serraladademarina.cat\/ca\/"},{"@type":"ListItem","position":2,"name":"Inici"}]},{"@type":"WebSite","@id":"https:\/\/serraladademarina.cat\/ca\/#website","url":"https:\/\/serraladademarina.cat\/ca\/","name":"Serralada de Marina","description":"Vins DO Alella","publisher":{"@id":"https:\/\/serraladademarina.cat\/ca\/#organization"},"potentialAction":[{"@type":"SearchAction","target":{"@type":"EntryPoint","urlTemplate":"https:\/\/serraladademarina.cat\/ca\/?s={search_term_string}"},"query-input":{"@type":"PropertyValueSpecification","valueRequired":true,"valueName":"search_term_string"}}],"inLanguage":"ca"},{"@type":"Organization","@id":"https:\/\/serraladademarina.cat\/ca\/#organization","name":"Serralada de Marina","url":"https:\/\/serraladademarina.cat\/ca\/","logo":{"@type":"ImageObject","inLanguage":"ca","@id":"https:\/\/serraladademarina.cat\/ca\/#\/schema\/logo\/image\/","url":"https:\/\/serraladademarina.cat\/wp-content\/uploads\/2021\/04\/cropped-icon_serralada_marina-1.png","contentUrl":"https:\/\/serraladademarina.cat\/wp-content\/uploads\/2021\/04\/cropped-icon_serralada_marina-1.png","width":512,"height":512,"caption":"Serralada de Marina"},"image":{"@id":"https:\/\/serraladademarina.cat\/ca\/#\/schema\/logo\/image\/"}}]}},"_links":{"self":[{"href":"https:\/\/serraladademarina.cat\/ca\/wp-json\/wp\/v2\/pages\/47","targetHints":{"allow":["GET"]}}],"collection":[{"href":"https:\/\/serraladademarina.cat\/ca\/wp-json\/wp\/v2\/pages"}],"about":[{"href":"https:\/\/serraladademarina.cat\/ca\/wp-json\/wp\/v2\/types\/page"}],"author":[{"embeddable":true,"href":"https:\/\/serraladademarina.cat\/ca\/wp-json\/wp\/v2\/users\/1"}],"replies":[{"embeddable":true,"href":"https:\/\/serraladademarina.cat\/ca\/wp-json\/wp\/v2\/comments?post=47"}],"version-history":[{"count":21,"href":"https:\/\/serraladademarina.cat\/ca\/wp-json\/wp\/v2\/pages\/47\/revisions"}],"predecessor-version":[{"id":841,"href":"https:\/\/serraladademarina.cat\/ca\/wp-json\/wp\/v2\/pages\/47\/revisions\/841"}],"wp:featuredmedia":[{"embeddable":true,"href":"https:\/\/serraladademarina.cat\/ca\/wp-json\/wp\/v2\/media\/17"}],"wp:attachment":[{"href":"https:\/\/serraladademarina.cat\/ca\/wp-json\/wp\/v2\/media?parent=47"}],"curies":[{"name":"wp","href":"https:\/\/api.w.org\/{rel}","templated":true}]}}