{"id":375,"date":"2021-04-29T00:49:01","date_gmt":"2021-04-28T22:49:01","guid":{"rendered":"https:\/\/serraladademarina.cat\/?page_id=375"},"modified":"2022-08-08T15:36:03","modified_gmt":"2022-08-08T13:36:03","slug":"iaia-rosa","status":"publish","type":"page","link":"https:\/\/serraladademarina.cat\/ca\/vins\/iaia-rosa\/","title":{"rendered":"Iaia rosa"},"content":{"rendered":"\n\n\t<section class=\"section\" id=\"section_872640629\">\n\t\t<div class=\"section-bg fill\" >\n\t\t\t\t\t\t\t\t\t\n\t\t\t\n\n\t\t<\/div>\n\n\t\t\n\n\t\t<div class=\"section-content relative\">\n\t\t\t\n\n  <div id=\"page-header-650133974\" class=\"page-header-wrapper\">\n  <div class=\"page-title dark simple-title\">\n\n        <div class=\"page-title-bg\">\n      <div class=\"title-bg fill bg-fill\"\n        data-parallax-container=\".page-title\"\n        data-parallax-background\n        data-parallax=\"-\">\n      <\/div>\n      <div class=\"title-overlay fill\"><\/div>\n    <\/div>\n    \n    <div class=\"page-title-inner container align-center text-center flex-row-col medium-flex-wrap\" >\n              <div class=\"title-wrapper flex-col\">\n          <h1 class=\"entry-title mb-0\">\n            Vi dol\u00e7 IAIA ROSA          <\/h1>\n        <\/div>\n                    <div class=\"title-content flex-col\">\n        <div class=\"title-breadcrumbs pb-half pt-half\"><\/div>      <\/div>\n    <\/div>\n\n     \n<style>\n#page-header-650133974 {\n  background-color: rgb(0,0,0);\n}\n<\/style>\n  <\/div>\n    <\/div>\n  \n\n\t<div id=\"gap-1402859063\" class=\"gap-element clearfix\" style=\"display:block; height:auto;\">\n\t\t\n<style>\n#gap-1402859063 {\n  padding-top: 30px;\n}\n<\/style>\n\t<\/div>\n\t\n\n<div class=\"row align-middle align-center\"  id=\"row-436602210\">\n\n\n\t<div id=\"col-1296560603\" class=\"col medium-5 small-12 large-5\"  >\n\t\t\t\t<div class=\"col-inner text-center\"  >\n\t\t\t\n\t\t\t\n\n\t<div class=\"img has-hover x md-x lg-x y md-y lg-y\" id=\"image_1655599647\">\n\t\t\t\t\t\t\t\t<div class=\"img-inner image-cover dark\" style=\"padding-top:150%;\">\n\t\t\t<img loading=\"lazy\" decoding=\"async\" width=\"800\" height=\"800\" src=\"https:\/\/serraladademarina.cat\/wp-content\/uploads\/2022\/07\/serralada-de-marina-vi-dolc-iaia-rosa-800x800.webp\" class=\"attachment-large size-large\" alt=\"Vi dol\u00e7 Iaia Rosa Serralada de Marina DO Alella\" srcset=\"https:\/\/serraladademarina.cat\/wp-content\/uploads\/2022\/07\/serralada-de-marina-vi-dolc-iaia-rosa-800x800.webp 800w, https:\/\/serraladademarina.cat\/wp-content\/uploads\/2022\/07\/serralada-de-marina-vi-dolc-iaia-rosa-400x400.webp 400w, https:\/\/serraladademarina.cat\/wp-content\/uploads\/2022\/07\/serralada-de-marina-vi-dolc-iaia-rosa-280x280.webp 280w, https:\/\/serraladademarina.cat\/wp-content\/uploads\/2022\/07\/serralada-de-marina-vi-dolc-iaia-rosa-768x768.webp 768w, https:\/\/serraladademarina.cat\/wp-content\/uploads\/2022\/07\/serralada-de-marina-vi-dolc-iaia-rosa-1536x1536.webp 1536w, https:\/\/serraladademarina.cat\/wp-content\/uploads\/2022\/07\/serralada-de-marina-vi-dolc-iaia-rosa.webp 1772w\" sizes=\"auto, (max-width: 800px) 100vw, 800px\" \/>\t\t\t\t\t\t\n\t\t\t\t\t<\/div>\n\t\t\t\t\t\t\t\t\n<style>\n#image_1655599647 {\n  width: 100%;\n}\n<\/style>\n\t<\/div>\n\t\n\n<a href=\"https:\/\/serraladademarina.cat\/media\/Fitxa-tecnica-serralada-marina-Iaia-Rosa-ca.pdf\" target=\"_blank\" class=\"button primary is-outline\" rel=\"noopener\" >\n\t\t<span>Fitxa t\u00e8cnica<\/span>\n\t<\/a>\n\n\n\n\t\t<\/div>\n\t\t\t\t\t<\/div>\n\n\t\n\n\t<div id=\"col-871787919\" class=\"col medium-6 small-12 large-6\"  >\n\t\t\t\t<div class=\"col-inner\"  >\n\t\t\t\n\t\t\t\n\n<h3>\u00a0<\/h3>\n<ul>\n<li>Tipus de vi: crian\u00e7a. Dol\u00e7 de baixa graduaci\u00f3<\/li>\n<li>Varietats: Pansa blanca (100%)<\/li>\n<li>Fermentaci\u00f3: 15 &#8211; 20 dies, a 16\u00b0C<\/li>\n<li>Crian\u00e7a: 6 mesos en bota de roure franc\u00e8s Allier<\/li>\n<li>Alcohol: 10 %<\/li>\n<li>Vinyes Edat: 30 &#8211; 40 anys<\/li>\n<li>S\u00f2l: Saul\u00f3, Argila<\/li>\n<li>Presentaci\u00f3 Ampolla de 50 cl.<\/li>\n<li>6 ampolles per caixa<\/li>\n<\/ul>\n<h3>Recomanacions de servei<\/h3>\n<ul>\n<li>Temperatura: 4 &#8211; 5 \u00b0C<\/li>\n<li>Maridatge:\u00a0<span style=\"color: #555555;\">Formatges molt curats, trufa natural, galetes de te i fruits secs<\/span><\/li>\n<\/ul>\n<h3>Nota de Tast<\/h3>\n<ul>\n<li><strong>Vista<\/strong>: Color groc palla p\u00e0l\u00b7lid.<\/li>\n<li><strong>Olfacte<\/strong>: Aromes de coco i mel, torrats de la bota, fruita blanca i d\u2019os.<\/li>\n<li><strong>Gust<\/strong>: Dol\u00e7 moderat, fruita madura blanca.<\/li>\n<\/ul>\n\n\t\t<\/div>\n\t\t\t\t\t<\/div>\n\n\t\n\n<\/div>\n\n\t\t<\/div>\n\n\t\t\n<style>\n#section_872640629 {\n  padding-top: 0px;\n  padding-bottom: 0px;\n  background-color: rgb(255, 255, 255);\n}\n<\/style>\n\t<\/section>\n\t\n\n","protected":false},"excerpt":{"rendered":"","protected":false},"author":1,"featured_media":17,"parent":328,"menu_order":1,"comment_status":"closed","ping_status":"closed","template":"page-blank.php","meta":{"footnotes":""},"class_list":["post-375","page","type-page","status-publish","has-post-thumbnail","hentry"],"yoast_head":"<!-- This site is optimized with the Yoast SEO plugin v27.1.1 - https:\/\/yoast.com\/product\/yoast-seo-wordpress\/ -->\n<title>Vi dol\u00e7 Iaia Rosa | Vins Serralada de Marina<\/title>\n<meta name=\"description\" content=\"Descobreix el nostre vi dol\u00e7 de baixa graduaci\u00f3 amb crian\u00e7a de 6 mesos en bota de roure franc\u00e8s Allier. Gaudeix aromes de coco, mel i torrats de bota. Entra!\" \/>\n<meta name=\"robots\" content=\"index, follow, max-snippet:-1, max-image-preview:large, max-video-preview:-1\" \/>\n<link rel=\"canonical\" href=\"https:\/\/serraladademarina.cat\/ca\/vins\/iaia-rosa\/\" \/>\n<meta property=\"og:locale\" content=\"ca_ES\" \/>\n<meta property=\"og:type\" content=\"article\" \/>\n<meta property=\"og:title\" content=\"Vi dol\u00e7 Iaia Rosa | Vins Serralada de Marina\" \/>\n<meta property=\"og:description\" content=\"Descobreix el nostre vi dol\u00e7 de baixa graduaci\u00f3 amb crian\u00e7a de 6 mesos en bota de roure franc\u00e8s Allier. Gaudeix aromes de coco, mel i torrats de bota. Entra!\" \/>\n<meta property=\"og:url\" content=\"https:\/\/serraladademarina.cat\/ca\/vins\/iaia-rosa\/\" \/>\n<meta property=\"og:site_name\" content=\"Serralada de Marina\" \/>\n<meta property=\"article:modified_time\" content=\"2022-08-08T13:36:03+00:00\" \/>\n<meta property=\"og:image\" content=\"https:\/\/serraladademarina.cat\/wp-content\/uploads\/2016\/08\/dummy-1.jpg\" \/>\n\t<meta property=\"og:image:width\" content=\"400\" \/>\n\t<meta property=\"og:image:height\" content=\"260\" \/>\n\t<meta property=\"og:image:type\" content=\"image\/jpeg\" \/>\n<meta name=\"twitter:card\" content=\"summary_large_image\" \/>\n<meta name=\"twitter:label1\" content=\"Temps estimat de lectura\" \/>\n\t<meta name=\"twitter:data1\" content=\"1 minut\" \/>\n<script type=\"application\/ld+json\" class=\"yoast-schema-graph\">{\"@context\":\"https:\/\/schema.org\",\"@graph\":[{\"@type\":\"WebPage\",\"@id\":\"https:\/\/serraladademarina.cat\/ca\/vins\/iaia-rosa\/\",\"url\":\"https:\/\/serraladademarina.cat\/ca\/vins\/iaia-rosa\/\",\"name\":\"Vi dol\u00e7 Iaia Rosa | Vins Serralada de Marina\",\"isPartOf\":{\"@id\":\"https:\/\/serraladademarina.cat\/ca\/#website\"},\"primaryImageOfPage\":{\"@id\":\"https:\/\/serraladademarina.cat\/ca\/vins\/iaia-rosa\/#primaryimage\"},\"image\":{\"@id\":\"https:\/\/serraladademarina.cat\/ca\/vins\/iaia-rosa\/#primaryimage\"},\"thumbnailUrl\":\"https:\/\/serraladademarina.cat\/wp-content\/uploads\/2016\/08\/dummy-1.jpg\",\"datePublished\":\"2021-04-28T22:49:01+00:00\",\"dateModified\":\"2022-08-08T13:36:03+00:00\",\"description\":\"Descobreix el nostre vi dol\u00e7 de baixa graduaci\u00f3 amb crian\u00e7a de 6 mesos en bota de roure franc\u00e8s Allier. Gaudeix aromes de coco, mel i torrats de bota. Entra!\",\"breadcrumb\":{\"@id\":\"https:\/\/serraladademarina.cat\/ca\/vins\/iaia-rosa\/#breadcrumb\"},\"inLanguage\":\"ca\",\"potentialAction\":[{\"@type\":\"ReadAction\",\"target\":[\"https:\/\/serraladademarina.cat\/ca\/vins\/iaia-rosa\/\"]}]},{\"@type\":\"ImageObject\",\"inLanguage\":\"ca\",\"@id\":\"https:\/\/serraladademarina.cat\/ca\/vins\/iaia-rosa\/#primaryimage\",\"url\":\"https:\/\/serraladademarina.cat\/wp-content\/uploads\/2016\/08\/dummy-1.jpg\",\"contentUrl\":\"https:\/\/serraladademarina.cat\/wp-content\/uploads\/2016\/08\/dummy-1.jpg\",\"width\":400,\"height\":260},{\"@type\":\"BreadcrumbList\",\"@id\":\"https:\/\/serraladademarina.cat\/ca\/vins\/iaia-rosa\/#breadcrumb\",\"itemListElement\":[{\"@type\":\"ListItem\",\"position\":1,\"name\":\"Home\",\"item\":\"https:\/\/serraladademarina.cat\/ca\/\"},{\"@type\":\"ListItem\",\"position\":2,\"name\":\"Vins\",\"item\":\"https:\/\/serraladademarina.cat\/ca\/vins\/\"},{\"@type\":\"ListItem\",\"position\":3,\"name\":\"Iaia rosa\"}]},{\"@type\":\"WebSite\",\"@id\":\"https:\/\/serraladademarina.cat\/ca\/#website\",\"url\":\"https:\/\/serraladademarina.cat\/ca\/\",\"name\":\"Serralada de Marina\",\"description\":\"Vins DO Alella\",\"publisher\":{\"@id\":\"https:\/\/serraladademarina.cat\/ca\/#organization\"},\"potentialAction\":[{\"@type\":\"SearchAction\",\"target\":{\"@type\":\"EntryPoint\",\"urlTemplate\":\"https:\/\/serraladademarina.cat\/ca\/?s={search_term_string}\"},\"query-input\":{\"@type\":\"PropertyValueSpecification\",\"valueRequired\":true,\"valueName\":\"search_term_string\"}}],\"inLanguage\":\"ca\"},{\"@type\":\"Organization\",\"@id\":\"https:\/\/serraladademarina.cat\/ca\/#organization\",\"name\":\"Serralada de Marina\",\"url\":\"https:\/\/serraladademarina.cat\/ca\/\",\"logo\":{\"@type\":\"ImageObject\",\"inLanguage\":\"ca\",\"@id\":\"https:\/\/serraladademarina.cat\/ca\/#\/schema\/logo\/image\/\",\"url\":\"https:\/\/serraladademarina.cat\/wp-content\/uploads\/2021\/04\/cropped-icon_serralada_marina-1.png\",\"contentUrl\":\"https:\/\/serraladademarina.cat\/wp-content\/uploads\/2021\/04\/cropped-icon_serralada_marina-1.png\",\"width\":512,\"height\":512,\"caption\":\"Serralada de Marina\"},\"image\":{\"@id\":\"https:\/\/serraladademarina.cat\/ca\/#\/schema\/logo\/image\/\"}}]}<\/script>\n<!-- \/ Yoast SEO plugin. -->","yoast_head_json":{"title":"Vi dol\u00e7 Iaia Rosa | Vins Serralada de Marina","description":"Descobreix el nostre vi dol\u00e7 de baixa graduaci\u00f3 amb crian\u00e7a de 6 mesos en bota de roure franc\u00e8s Allier. Gaudeix aromes de coco, mel i torrats de bota. Entra!","robots":{"index":"index","follow":"follow","max-snippet":"max-snippet:-1","max-image-preview":"max-image-preview:large","max-video-preview":"max-video-preview:-1"},"canonical":"https:\/\/serraladademarina.cat\/ca\/vins\/iaia-rosa\/","og_locale":"ca_ES","og_type":"article","og_title":"Vi dol\u00e7 Iaia Rosa | Vins Serralada de Marina","og_description":"Descobreix el nostre vi dol\u00e7 de baixa graduaci\u00f3 amb crian\u00e7a de 6 mesos en bota de roure franc\u00e8s Allier. Gaudeix aromes de coco, mel i torrats de bota. Entra!","og_url":"https:\/\/serraladademarina.cat\/ca\/vins\/iaia-rosa\/","og_site_name":"Serralada de Marina","article_modified_time":"2022-08-08T13:36:03+00:00","og_image":[{"width":400,"height":260,"url":"https:\/\/serraladademarina.cat\/wp-content\/uploads\/2016\/08\/dummy-1.jpg","type":"image\/jpeg"}],"twitter_card":"summary_large_image","twitter_misc":{"Temps estimat de lectura":"1 minut"},"schema":{"@context":"https:\/\/schema.org","@graph":[{"@type":"WebPage","@id":"https:\/\/serraladademarina.cat\/ca\/vins\/iaia-rosa\/","url":"https:\/\/serraladademarina.cat\/ca\/vins\/iaia-rosa\/","name":"Vi dol\u00e7 Iaia Rosa | Vins Serralada de Marina","isPartOf":{"@id":"https:\/\/serraladademarina.cat\/ca\/#website"},"primaryImageOfPage":{"@id":"https:\/\/serraladademarina.cat\/ca\/vins\/iaia-rosa\/#primaryimage"},"image":{"@id":"https:\/\/serraladademarina.cat\/ca\/vins\/iaia-rosa\/#primaryimage"},"thumbnailUrl":"https:\/\/serraladademarina.cat\/wp-content\/uploads\/2016\/08\/dummy-1.jpg","datePublished":"2021-04-28T22:49:01+00:00","dateModified":"2022-08-08T13:36:03+00:00","description":"Descobreix el nostre vi dol\u00e7 de baixa graduaci\u00f3 amb crian\u00e7a de 6 mesos en bota de roure franc\u00e8s Allier. Gaudeix aromes de coco, mel i torrats de bota. Entra!","breadcrumb":{"@id":"https:\/\/serraladademarina.cat\/ca\/vins\/iaia-rosa\/#breadcrumb"},"inLanguage":"ca","potentialAction":[{"@type":"ReadAction","target":["https:\/\/serraladademarina.cat\/ca\/vins\/iaia-rosa\/"]}]},{"@type":"ImageObject","inLanguage":"ca","@id":"https:\/\/serraladademarina.cat\/ca\/vins\/iaia-rosa\/#primaryimage","url":"https:\/\/serraladademarina.cat\/wp-content\/uploads\/2016\/08\/dummy-1.jpg","contentUrl":"https:\/\/serraladademarina.cat\/wp-content\/uploads\/2016\/08\/dummy-1.jpg","width":400,"height":260},{"@type":"BreadcrumbList","@id":"https:\/\/serraladademarina.cat\/ca\/vins\/iaia-rosa\/#breadcrumb","itemListElement":[{"@type":"ListItem","position":1,"name":"Home","item":"https:\/\/serraladademarina.cat\/ca\/"},{"@type":"ListItem","position":2,"name":"Vins","item":"https:\/\/serraladademarina.cat\/ca\/vins\/"},{"@type":"ListItem","position":3,"name":"Iaia rosa"}]},{"@type":"WebSite","@id":"https:\/\/serraladademarina.cat\/ca\/#website","url":"https:\/\/serraladademarina.cat\/ca\/","name":"Serralada de Marina","description":"Vins DO Alella","publisher":{"@id":"https:\/\/serraladademarina.cat\/ca\/#organization"},"potentialAction":[{"@type":"SearchAction","target":{"@type":"EntryPoint","urlTemplate":"https:\/\/serraladademarina.cat\/ca\/?s={search_term_string}"},"query-input":{"@type":"PropertyValueSpecification","valueRequired":true,"valueName":"search_term_string"}}],"inLanguage":"ca"},{"@type":"Organization","@id":"https:\/\/serraladademarina.cat\/ca\/#organization","name":"Serralada de Marina","url":"https:\/\/serraladademarina.cat\/ca\/","logo":{"@type":"ImageObject","inLanguage":"ca","@id":"https:\/\/serraladademarina.cat\/ca\/#\/schema\/logo\/image\/","url":"https:\/\/serraladademarina.cat\/wp-content\/uploads\/2021\/04\/cropped-icon_serralada_marina-1.png","contentUrl":"https:\/\/serraladademarina.cat\/wp-content\/uploads\/2021\/04\/cropped-icon_serralada_marina-1.png","width":512,"height":512,"caption":"Serralada de Marina"},"image":{"@id":"https:\/\/serraladademarina.cat\/ca\/#\/schema\/logo\/image\/"}}]}},"_links":{"self":[{"href":"https:\/\/serraladademarina.cat\/ca\/wp-json\/wp\/v2\/pages\/375","targetHints":{"allow":["GET"]}}],"collection":[{"href":"https:\/\/serraladademarina.cat\/ca\/wp-json\/wp\/v2\/pages"}],"about":[{"href":"https:\/\/serraladademarina.cat\/ca\/wp-json\/wp\/v2\/types\/page"}],"author":[{"embeddable":true,"href":"https:\/\/serraladademarina.cat\/ca\/wp-json\/wp\/v2\/users\/1"}],"replies":[{"embeddable":true,"href":"https:\/\/serraladademarina.cat\/ca\/wp-json\/wp\/v2\/comments?post=375"}],"version-history":[{"count":9,"href":"https:\/\/serraladademarina.cat\/ca\/wp-json\/wp\/v2\/pages\/375\/revisions"}],"predecessor-version":[{"id":1190,"href":"https:\/\/serraladademarina.cat\/ca\/wp-json\/wp\/v2\/pages\/375\/revisions\/1190"}],"up":[{"embeddable":true,"href":"https:\/\/serraladademarina.cat\/ca\/wp-json\/wp\/v2\/pages\/328"}],"wp:featuredmedia":[{"embeddable":true,"href":"https:\/\/serraladademarina.cat\/ca\/wp-json\/wp\/v2\/media\/17"}],"wp:attachment":[{"href":"https:\/\/serraladademarina.cat\/ca\/wp-json\/wp\/v2\/media?parent=375"}],"curies":[{"name":"wp","href":"https:\/\/api.w.org\/{rel}","templated":true}]}}