{"id":359,"date":"2021-04-29T00:33:22","date_gmt":"2021-04-28T22:33:22","guid":{"rendered":"https:\/\/serraladademarina.cat\/?page_id=359"},"modified":"2022-09-08T12:47:34","modified_gmt":"2022-09-08T10:47:34","slug":"100-pansa-blanca","status":"publish","type":"page","link":"https:\/\/serraladademarina.cat\/ca\/vins\/100-pansa-blanca\/","title":{"rendered":"100% pansa blanca"},"content":{"rendered":"\n\n\t<section class=\"section\" id=\"section_757554659\">\n\t\t<div class=\"section-bg fill\" >\n\t\t\t\t\t\t\t\t\t\n\t\t\t\n\n\t\t<\/div>\n\n\t\t\n\n\t\t<div class=\"section-content relative\">\n\t\t\t\n\n  <div id=\"page-header-371777894\" class=\"page-header-wrapper\">\n  <div class=\"page-title dark simple-title\">\n\n        <div class=\"page-title-bg\">\n      <div class=\"title-bg fill bg-fill\"\n        data-parallax-container=\".page-title\"\n        data-parallax-background\n        data-parallax=\"-\">\n      <\/div>\n      <div class=\"title-overlay fill\"><\/div>\n    <\/div>\n    \n    <div class=\"page-title-inner container align-center text-center flex-row-col medium-flex-wrap\" >\n              <div class=\"title-wrapper flex-col\">\n          <h1 class=\"entry-title mb-0\">\n            Vi escum\u00f3s 100% PANSA BLANCA          <\/h1>\n        <\/div>\n                    <div class=\"title-content flex-col\">\n        <div class=\"title-breadcrumbs pb-half pt-half\"><\/div>      <\/div>\n    <\/div>\n\n     \n<style>\n#page-header-371777894 {\n  background-color: rgb(0,0,0);\n}\n<\/style>\n  <\/div>\n    <\/div>\n  \n\n\t<div id=\"gap-1243419055\" class=\"gap-element clearfix\" style=\"display:block; height:auto;\">\n\t\t\n<style>\n#gap-1243419055 {\n  padding-top: 30px;\n}\n<\/style>\n\t<\/div>\n\t\n\n<div class=\"row align-middle align-center\"  id=\"row-651040859\">\n\n\n\t<div id=\"col-2053431777\" class=\"col medium-5 small-12 large-5\"  >\n\t\t\t\t<div class=\"col-inner text-center\"  >\n\t\t\t\n\t\t\t\n\n\t<div class=\"img has-hover x md-x lg-x y md-y lg-y\" id=\"image_1927710243\">\n\t\t\t\t\t\t\t\t<div class=\"img-inner dark\" >\n\t\t\t<img loading=\"lazy\" decoding=\"async\" width=\"450\" height=\"800\" src=\"https:\/\/serraladademarina.cat\/wp-content\/uploads\/2022\/07\/serralada-de-marina-vi-escumos-100-pansa-blanca-450x800.webp\" class=\"attachment-large size-large\" alt=\"Vi escum\u00f3s 100% Pansa blanca Serralada de Marina DO Alella\" srcset=\"https:\/\/serraladademarina.cat\/wp-content\/uploads\/2022\/07\/serralada-de-marina-vi-escumos-100-pansa-blanca-450x800.webp 450w, https:\/\/serraladademarina.cat\/wp-content\/uploads\/2022\/07\/serralada-de-marina-vi-escumos-100-pansa-blanca-225x400.webp 225w, https:\/\/serraladademarina.cat\/wp-content\/uploads\/2022\/07\/serralada-de-marina-vi-escumos-100-pansa-blanca-768x1365.webp 768w, https:\/\/serraladademarina.cat\/wp-content\/uploads\/2022\/07\/serralada-de-marina-vi-escumos-100-pansa-blanca-864x1536.webp 864w, https:\/\/serraladademarina.cat\/wp-content\/uploads\/2022\/07\/serralada-de-marina-vi-escumos-100-pansa-blanca-1152x2048.webp 1152w, https:\/\/serraladademarina.cat\/wp-content\/uploads\/2022\/07\/serralada-de-marina-vi-escumos-100-pansa-blanca-scaled.webp 1440w\" sizes=\"auto, (max-width: 450px) 100vw, 450px\" \/>\t\t\t\t\t\t\n\t\t\t\t\t<\/div>\n\t\t\t\t\t\t\t\t\n<style>\n#image_1927710243 {\n  width: 100%;\n}\n<\/style>\n\t<\/div>\n\t\n\n<a href=\"https:\/\/serraladademarina.cat\/media\/Fitxa-tecnica-serralada-marina-100-Pansa-Blanca-ca.pdf\" target=\"_blank\" class=\"button primary is-outline\" rel=\"noopener\" >\n\t\t<span>Fitxa t\u00e8cnica<\/span>\n\t<\/a>\n\n\n\n\t\t<\/div>\n\t\t\t\t\t<\/div>\n\n\t\n\n\t<div id=\"col-500720650\" class=\"col medium-6 small-12 large-6\"  >\n\t\t\t\t<div class=\"col-inner\"  >\n\t\t\t\n\t\t\t\n\n<h3>Denominaci\u00f3 d\u2019Origen Alella (DO Alella)<\/h3>\n<ul>\n<li>Tipus de vi: Cava Brut Nature<\/li>\n<li>Varietats: Pansa blanca (100%)<\/li>\n<li>Fermentaci\u00f3: M\u00e8tode tradicional (Champenoise) de segona fermentaci\u00f3 a l\u2019ampolla (18 mesos m\u00ednim de crian\u00e7a en rima)<\/li>\n<li>Alcohol: 12 %<\/li>\n<li>Vinyes Edat: 12 anys<\/li>\n<li>S\u00f2l: Saul\u00f3<\/li>\n<li>Presentaci\u00f3 Ampolla de 75 cl.<\/li>\n<li>6 ampolles per caixa<\/li>\n<\/ul>\n<h4>Recomanacions de servei<\/h4>\n<ul>\n<li>Temperatura: 5 &#8211; 7 \u00b0C<\/li>\n<li>Maridatge: Aperitius, amanides, arrossos, marisc, peixos, carns, postres.<\/li>\n<\/ul>\n<h3>Nota de Tast<\/h3>\n<ul>\n<li>\n<p><strong>Vista<\/strong>: Color groc palla p\u00e0l\u00b7lid, amb formaci\u00f3 de rosari de bombolla fina constant i persistent corona.<\/p>\n<\/li>\n<li>\n<p><strong>Olfacte<\/strong>: Aromes que recorden les notes de crian\u00e7a (pa sec torrat, brioix, llevat)&nbsp; amb fons de fruita madura (pl\u00e0tan, pr\u00e9ssec blanc), pell de taronja i predomini de notes minerals (algues, salobre).<\/p>\n<\/li>\n<li>\n<p><strong>Gust<\/strong>: Rod\u00f3 i sed\u00f3s en boca, amb carb\u00f2nic mitjanament integrat, on la sequedat en sucres queda compensada pel seu to crem\u00f3s. Fruitat i final lleugerament amarg.<\/p>\n<\/li>\n<\/ul>\n\n\t\t<\/div>\n\t\t\t\t\t<\/div>\n\n\t\n\n<\/div>\n\n\t\t<\/div>\n\n\t\t\n<style>\n#section_757554659 {\n  padding-top: 0px;\n  padding-bottom: 0px;\n  background-color: rgb(255, 255, 255);\n}\n<\/style>\n\t<\/section>\n\t\n\n","protected":false},"excerpt":{"rendered":"","protected":false},"author":1,"featured_media":17,"parent":328,"menu_order":1,"comment_status":"closed","ping_status":"closed","template":"page-blank.php","meta":{"footnotes":""},"class_list":["post-359","page","type-page","status-publish","has-post-thumbnail","hentry"],"yoast_head":"<!-- This site is optimized with the Yoast SEO plugin v27.1.1 - https:\/\/yoast.com\/product\/yoast-seo-wordpress\/ -->\n<title>Vi escum\u00f3s 100% Pansa Blanca | Vins Serralada de Marina<\/title>\n<meta name=\"description\" content=\"Descobreix el nostre cava brut nature fet amb el m\u00e8tode tradicional Champenoise amb segona fermentaci\u00f3 a l\u2019ampolla. Gaudeix d&#039;un pas en boca rod\u00f3 i sed\u00f3s. Entra!\" \/>\n<meta name=\"robots\" content=\"index, follow, max-snippet:-1, max-image-preview:large, max-video-preview:-1\" \/>\n<link rel=\"canonical\" href=\"https:\/\/serraladademarina.cat\/ca\/vins\/100-pansa-blanca\/\" \/>\n<meta property=\"og:locale\" content=\"ca_ES\" \/>\n<meta property=\"og:type\" content=\"article\" \/>\n<meta property=\"og:title\" content=\"Vi escum\u00f3s 100% Pansa Blanca | Vins Serralada de Marina\" \/>\n<meta property=\"og:description\" content=\"Descobreix el nostre cava brut nature fet amb el m\u00e8tode tradicional Champenoise amb segona fermentaci\u00f3 a l\u2019ampolla. Gaudeix d&#039;un pas en boca rod\u00f3 i sed\u00f3s. Entra!\" \/>\n<meta property=\"og:url\" content=\"https:\/\/serraladademarina.cat\/ca\/vins\/100-pansa-blanca\/\" \/>\n<meta property=\"og:site_name\" content=\"Serralada de Marina\" \/>\n<meta property=\"article:modified_time\" content=\"2022-09-08T10:47:34+00:00\" \/>\n<meta property=\"og:image\" content=\"https:\/\/serraladademarina.cat\/wp-content\/uploads\/2016\/08\/dummy-1.jpg\" \/>\n\t<meta property=\"og:image:width\" content=\"400\" \/>\n\t<meta property=\"og:image:height\" content=\"260\" \/>\n\t<meta property=\"og:image:type\" content=\"image\/jpeg\" \/>\n<meta name=\"twitter:card\" content=\"summary_large_image\" \/>\n<meta name=\"twitter:label1\" content=\"Temps estimat de lectura\" \/>\n\t<meta name=\"twitter:data1\" content=\"1 minut\" \/>\n<script type=\"application\/ld+json\" class=\"yoast-schema-graph\">{\"@context\":\"https:\/\/schema.org\",\"@graph\":[{\"@type\":\"WebPage\",\"@id\":\"https:\/\/serraladademarina.cat\/ca\/vins\/100-pansa-blanca\/\",\"url\":\"https:\/\/serraladademarina.cat\/ca\/vins\/100-pansa-blanca\/\",\"name\":\"Vi escum\u00f3s 100% Pansa Blanca | Vins Serralada de Marina\",\"isPartOf\":{\"@id\":\"https:\/\/serraladademarina.cat\/ca\/#website\"},\"primaryImageOfPage\":{\"@id\":\"https:\/\/serraladademarina.cat\/ca\/vins\/100-pansa-blanca\/#primaryimage\"},\"image\":{\"@id\":\"https:\/\/serraladademarina.cat\/ca\/vins\/100-pansa-blanca\/#primaryimage\"},\"thumbnailUrl\":\"https:\/\/serraladademarina.cat\/wp-content\/uploads\/2016\/08\/dummy-1.jpg\",\"datePublished\":\"2021-04-28T22:33:22+00:00\",\"dateModified\":\"2022-09-08T10:47:34+00:00\",\"description\":\"Descobreix el nostre cava brut nature fet amb el m\u00e8tode tradicional Champenoise amb segona fermentaci\u00f3 a l\u2019ampolla. Gaudeix d'un pas en boca rod\u00f3 i sed\u00f3s. Entra!\",\"breadcrumb\":{\"@id\":\"https:\/\/serraladademarina.cat\/ca\/vins\/100-pansa-blanca\/#breadcrumb\"},\"inLanguage\":\"ca\",\"potentialAction\":[{\"@type\":\"ReadAction\",\"target\":[\"https:\/\/serraladademarina.cat\/ca\/vins\/100-pansa-blanca\/\"]}]},{\"@type\":\"ImageObject\",\"inLanguage\":\"ca\",\"@id\":\"https:\/\/serraladademarina.cat\/ca\/vins\/100-pansa-blanca\/#primaryimage\",\"url\":\"https:\/\/serraladademarina.cat\/wp-content\/uploads\/2016\/08\/dummy-1.jpg\",\"contentUrl\":\"https:\/\/serraladademarina.cat\/wp-content\/uploads\/2016\/08\/dummy-1.jpg\",\"width\":400,\"height\":260},{\"@type\":\"BreadcrumbList\",\"@id\":\"https:\/\/serraladademarina.cat\/ca\/vins\/100-pansa-blanca\/#breadcrumb\",\"itemListElement\":[{\"@type\":\"ListItem\",\"position\":1,\"name\":\"Home\",\"item\":\"https:\/\/serraladademarina.cat\/ca\/\"},{\"@type\":\"ListItem\",\"position\":2,\"name\":\"Vins\",\"item\":\"https:\/\/serraladademarina.cat\/ca\/vins\/\"},{\"@type\":\"ListItem\",\"position\":3,\"name\":\"100% pansa blanca\"}]},{\"@type\":\"WebSite\",\"@id\":\"https:\/\/serraladademarina.cat\/ca\/#website\",\"url\":\"https:\/\/serraladademarina.cat\/ca\/\",\"name\":\"Serralada de Marina\",\"description\":\"Vins DO Alella\",\"publisher\":{\"@id\":\"https:\/\/serraladademarina.cat\/ca\/#organization\"},\"potentialAction\":[{\"@type\":\"SearchAction\",\"target\":{\"@type\":\"EntryPoint\",\"urlTemplate\":\"https:\/\/serraladademarina.cat\/ca\/?s={search_term_string}\"},\"query-input\":{\"@type\":\"PropertyValueSpecification\",\"valueRequired\":true,\"valueName\":\"search_term_string\"}}],\"inLanguage\":\"ca\"},{\"@type\":\"Organization\",\"@id\":\"https:\/\/serraladademarina.cat\/ca\/#organization\",\"name\":\"Serralada de Marina\",\"url\":\"https:\/\/serraladademarina.cat\/ca\/\",\"logo\":{\"@type\":\"ImageObject\",\"inLanguage\":\"ca\",\"@id\":\"https:\/\/serraladademarina.cat\/ca\/#\/schema\/logo\/image\/\",\"url\":\"https:\/\/serraladademarina.cat\/wp-content\/uploads\/2021\/04\/cropped-icon_serralada_marina-1.png\",\"contentUrl\":\"https:\/\/serraladademarina.cat\/wp-content\/uploads\/2021\/04\/cropped-icon_serralada_marina-1.png\",\"width\":512,\"height\":512,\"caption\":\"Serralada de Marina\"},\"image\":{\"@id\":\"https:\/\/serraladademarina.cat\/ca\/#\/schema\/logo\/image\/\"}}]}<\/script>\n<!-- \/ Yoast SEO plugin. -->","yoast_head_json":{"title":"Vi escum\u00f3s 100% Pansa Blanca | Vins Serralada de Marina","description":"Descobreix el nostre cava brut nature fet amb el m\u00e8tode tradicional Champenoise amb segona fermentaci\u00f3 a l\u2019ampolla. Gaudeix d'un pas en boca rod\u00f3 i sed\u00f3s. Entra!","robots":{"index":"index","follow":"follow","max-snippet":"max-snippet:-1","max-image-preview":"max-image-preview:large","max-video-preview":"max-video-preview:-1"},"canonical":"https:\/\/serraladademarina.cat\/ca\/vins\/100-pansa-blanca\/","og_locale":"ca_ES","og_type":"article","og_title":"Vi escum\u00f3s 100% Pansa Blanca | Vins Serralada de Marina","og_description":"Descobreix el nostre cava brut nature fet amb el m\u00e8tode tradicional Champenoise amb segona fermentaci\u00f3 a l\u2019ampolla. Gaudeix d'un pas en boca rod\u00f3 i sed\u00f3s. Entra!","og_url":"https:\/\/serraladademarina.cat\/ca\/vins\/100-pansa-blanca\/","og_site_name":"Serralada de Marina","article_modified_time":"2022-09-08T10:47:34+00:00","og_image":[{"width":400,"height":260,"url":"https:\/\/serraladademarina.cat\/wp-content\/uploads\/2016\/08\/dummy-1.jpg","type":"image\/jpeg"}],"twitter_card":"summary_large_image","twitter_misc":{"Temps estimat de lectura":"1 minut"},"schema":{"@context":"https:\/\/schema.org","@graph":[{"@type":"WebPage","@id":"https:\/\/serraladademarina.cat\/ca\/vins\/100-pansa-blanca\/","url":"https:\/\/serraladademarina.cat\/ca\/vins\/100-pansa-blanca\/","name":"Vi escum\u00f3s 100% Pansa Blanca | Vins Serralada de Marina","isPartOf":{"@id":"https:\/\/serraladademarina.cat\/ca\/#website"},"primaryImageOfPage":{"@id":"https:\/\/serraladademarina.cat\/ca\/vins\/100-pansa-blanca\/#primaryimage"},"image":{"@id":"https:\/\/serraladademarina.cat\/ca\/vins\/100-pansa-blanca\/#primaryimage"},"thumbnailUrl":"https:\/\/serraladademarina.cat\/wp-content\/uploads\/2016\/08\/dummy-1.jpg","datePublished":"2021-04-28T22:33:22+00:00","dateModified":"2022-09-08T10:47:34+00:00","description":"Descobreix el nostre cava brut nature fet amb el m\u00e8tode tradicional Champenoise amb segona fermentaci\u00f3 a l\u2019ampolla. Gaudeix d'un pas en boca rod\u00f3 i sed\u00f3s. Entra!","breadcrumb":{"@id":"https:\/\/serraladademarina.cat\/ca\/vins\/100-pansa-blanca\/#breadcrumb"},"inLanguage":"ca","potentialAction":[{"@type":"ReadAction","target":["https:\/\/serraladademarina.cat\/ca\/vins\/100-pansa-blanca\/"]}]},{"@type":"ImageObject","inLanguage":"ca","@id":"https:\/\/serraladademarina.cat\/ca\/vins\/100-pansa-blanca\/#primaryimage","url":"https:\/\/serraladademarina.cat\/wp-content\/uploads\/2016\/08\/dummy-1.jpg","contentUrl":"https:\/\/serraladademarina.cat\/wp-content\/uploads\/2016\/08\/dummy-1.jpg","width":400,"height":260},{"@type":"BreadcrumbList","@id":"https:\/\/serraladademarina.cat\/ca\/vins\/100-pansa-blanca\/#breadcrumb","itemListElement":[{"@type":"ListItem","position":1,"name":"Home","item":"https:\/\/serraladademarina.cat\/ca\/"},{"@type":"ListItem","position":2,"name":"Vins","item":"https:\/\/serraladademarina.cat\/ca\/vins\/"},{"@type":"ListItem","position":3,"name":"100% pansa blanca"}]},{"@type":"WebSite","@id":"https:\/\/serraladademarina.cat\/ca\/#website","url":"https:\/\/serraladademarina.cat\/ca\/","name":"Serralada de Marina","description":"Vins DO Alella","publisher":{"@id":"https:\/\/serraladademarina.cat\/ca\/#organization"},"potentialAction":[{"@type":"SearchAction","target":{"@type":"EntryPoint","urlTemplate":"https:\/\/serraladademarina.cat\/ca\/?s={search_term_string}"},"query-input":{"@type":"PropertyValueSpecification","valueRequired":true,"valueName":"search_term_string"}}],"inLanguage":"ca"},{"@type":"Organization","@id":"https:\/\/serraladademarina.cat\/ca\/#organization","name":"Serralada de Marina","url":"https:\/\/serraladademarina.cat\/ca\/","logo":{"@type":"ImageObject","inLanguage":"ca","@id":"https:\/\/serraladademarina.cat\/ca\/#\/schema\/logo\/image\/","url":"https:\/\/serraladademarina.cat\/wp-content\/uploads\/2021\/04\/cropped-icon_serralada_marina-1.png","contentUrl":"https:\/\/serraladademarina.cat\/wp-content\/uploads\/2021\/04\/cropped-icon_serralada_marina-1.png","width":512,"height":512,"caption":"Serralada de Marina"},"image":{"@id":"https:\/\/serraladademarina.cat\/ca\/#\/schema\/logo\/image\/"}}]}},"_links":{"self":[{"href":"https:\/\/serraladademarina.cat\/ca\/wp-json\/wp\/v2\/pages\/359","targetHints":{"allow":["GET"]}}],"collection":[{"href":"https:\/\/serraladademarina.cat\/ca\/wp-json\/wp\/v2\/pages"}],"about":[{"href":"https:\/\/serraladademarina.cat\/ca\/wp-json\/wp\/v2\/types\/page"}],"author":[{"embeddable":true,"href":"https:\/\/serraladademarina.cat\/ca\/wp-json\/wp\/v2\/users\/1"}],"replies":[{"embeddable":true,"href":"https:\/\/serraladademarina.cat\/ca\/wp-json\/wp\/v2\/comments?post=359"}],"version-history":[{"count":13,"href":"https:\/\/serraladademarina.cat\/ca\/wp-json\/wp\/v2\/pages\/359\/revisions"}],"predecessor-version":[{"id":1232,"href":"https:\/\/serraladademarina.cat\/ca\/wp-json\/wp\/v2\/pages\/359\/revisions\/1232"}],"up":[{"embeddable":true,"href":"https:\/\/serraladademarina.cat\/ca\/wp-json\/wp\/v2\/pages\/328"}],"wp:featuredmedia":[{"embeddable":true,"href":"https:\/\/serraladademarina.cat\/ca\/wp-json\/wp\/v2\/media\/17"}],"wp:attachment":[{"href":"https:\/\/serraladademarina.cat\/ca\/wp-json\/wp\/v2\/media?parent=359"}],"curies":[{"name":"wp","href":"https:\/\/api.w.org\/{rel}","templated":true}]}}