{"id":351,"date":"2021-04-29T00:21:53","date_gmt":"2021-04-28T22:21:53","guid":{"rendered":"https:\/\/serraladademarina.cat\/?page_id=351"},"modified":"2024-08-30T11:45:19","modified_gmt":"2024-08-30T09:45:19","slug":"pas-de-les-bruixes","status":"publish","type":"page","link":"https:\/\/serraladademarina.cat\/ca\/vins\/pas-de-les-bruixes\/","title":{"rendered":"El pas del vent"},"content":{"rendered":"\n\n\t<section class=\"section\" id=\"section_1785747546\">\n\t\t<div class=\"section-bg fill\" >\n\t\t\t\t\t\t\t\t\t\n\t\t\t\n\n\t\t<\/div>\n\n\t\t\n\n\t\t<div class=\"section-content relative\">\n\t\t\t\n\n  <div id=\"page-header-1069587733\" class=\"page-header-wrapper\">\n  <div class=\"page-title dark simple-title\">\n\n        <div class=\"page-title-bg\">\n      <div class=\"title-bg fill bg-fill\"\n        data-parallax-container=\".page-title\"\n        data-parallax-background\n        data-parallax=\"-\">\n      <\/div>\n      <div class=\"title-overlay fill\"><\/div>\n    <\/div>\n    \n    <div class=\"page-title-inner container align-center text-center flex-row-col medium-flex-wrap\" >\n              <div class=\"title-wrapper flex-col\">\n          <h1 class=\"entry-title mb-0\">\n            Vi blanc EL PAS DEL VENT          <\/h1>\n        <\/div>\n                    <div class=\"title-content flex-col\">\n        <div class=\"title-breadcrumbs pb-half pt-half\"><\/div>      <\/div>\n    <\/div>\n\n     \n<style>\n#page-header-1069587733 {\n  background-color: rgb(0,0,0);\n}\n<\/style>\n  <\/div>\n    <\/div>\n  \n\n\t<div id=\"gap-1704301915\" class=\"gap-element clearfix\" style=\"display:block; height:auto;\">\n\t\t\n<style>\n#gap-1704301915 {\n  padding-top: 30px;\n}\n<\/style>\n\t<\/div>\n\t\n\n<div class=\"row align-middle align-center\"  id=\"row-104782335\">\n\n\n\t<div id=\"col-1569089317\" class=\"col medium-5 small-12 large-5\"  >\n\t\t\t\t<div class=\"col-inner text-center\"  >\n\t\t\t\n\t\t\t\n\n\t<div class=\"img has-hover x md-x lg-x y md-y lg-y\" id=\"image_1605725079\">\n\t\t\t\t\t\t\t\t<div class=\"img-inner image-cover dark\" style=\"padding-top:150%;\">\n\t\t\t<img loading=\"lazy\" decoding=\"async\" width=\"500\" height=\"500\" src=\"https:\/\/serraladademarina.cat\/wp-content\/uploads\/2024\/08\/Pas-del-vent.webp\" class=\"attachment-large size-large\" alt=\"Vi Pas del vent\" srcset=\"https:\/\/serraladademarina.cat\/wp-content\/uploads\/2024\/08\/Pas-del-vent.webp 500w, https:\/\/serraladademarina.cat\/wp-content\/uploads\/2024\/08\/Pas-del-vent-400x400.webp 400w, https:\/\/serraladademarina.cat\/wp-content\/uploads\/2024\/08\/Pas-del-vent-280x280.webp 280w\" sizes=\"auto, (max-width: 500px) 100vw, 500px\" \/>\t\t\t\t\t\t\n\t\t\t\t\t<\/div>\n\t\t\t\t\t\t\t\t\n<style>\n#image_1605725079 {\n  width: 100%;\n}\n<\/style>\n\t<\/div>\n\t\n\n<a href=\"https:\/\/serraladademarina.cat\/media\/Fitxa-tecnica-serralada-marina-pas-bruixes-ca.pdf\" target=\"_blank\" class=\"button primary is-outline\" rel=\"noopener\" >\n\t\t<span>Fitxa t\u00e8cnica<\/span>\n\t<\/a>\n\n\n\n\t\t<\/div>\n\t\t\t\t\t<\/div>\n\n\t\n\n\t<div id=\"col-900525379\" class=\"col medium-6 small-12 large-6\"  >\n\t\t\t\t<div class=\"col-inner\"  >\n\t\t\t\n\t\t\t\n\n<h3>Denominaci\u00f3 d\u2019Origen Alella (DO Alella)<\/h3>\n<ul>\n<li>Tipus de vi: Maceraci\u00f3 pel\u00b7licular, 72 hores, a 10\u00b0C<\/li>\n<li>Varietats: Pansa blanca (100%) &nbsp;&nbsp;&nbsp;&nbsp;&nbsp;&nbsp;<\/li>\n<li>Most posteriorment sagnat i fermentat durant 20 dies a una temperatura de 15\u00baC. en dip\u00f2sits d&#8217;acer inoxidable<\/li>\n<li>Crian\u00e7a: Sobre les seves mares (l\u00edas finas)<\/li>\n<li>Alcohol: 13%<\/li>\n<li>Vinyes Edat: 30 &#8211; 40 anys<\/li>\n<li>S\u00f2l: Saul\u00f3<\/li>\n<li>Presentaci\u00f3: Ampolles de 75 cl.<\/li>\n<li>6 ampolles per caixa<\/li>\n<\/ul>\n<h4>Recomanacions de servei<\/h4>\n<ul>\n<li>Temperatura: 10 \u00b0C<\/li>\n<li>Maridatge: Aperitius, amanides, mariscos i pasta fresca<\/li>\n<\/ul>\n<h3>Nota de Tast<\/h3>\n<ul>\n<li>\n<p><strong>Vista<\/strong>:Color groc palla amb reflexes daurats lleugers, brillant i ll\u00e0grima mitja.<\/p>\n<\/li>\n<li>\n<p><strong>Olfacte<\/strong>: Aromes frescos amb pres\u00e8ncia de pell de ra\u00efm, records de fruita madura (mel\u00f3, pl\u00e0tan) i tocs vegetals (flor seca, fruits secs torrats) i minerals.<\/p>\n<\/li>\n<li>\n<p><strong>Gust<\/strong>: Untu\u00f3s i greix\u00f3s a l&#8217;entrada en boca, acidesa mitja-alta i potent post-gust.<\/p>\n<\/li>\n<\/ul>\n\n\t\t<\/div>\n\t\t\t\t\t<\/div>\n\n\t\n\n<\/div>\n\n\t\t<\/div>\n\n\t\t\n<style>\n#section_1785747546 {\n  padding-top: 0px;\n  padding-bottom: 0px;\n  background-color: rgb(255, 255, 255);\n}\n<\/style>\n\t<\/section>\n\t\n\n","protected":false},"excerpt":{"rendered":"","protected":false},"author":1,"featured_media":17,"parent":328,"menu_order":1,"comment_status":"closed","ping_status":"closed","template":"page-blank.php","meta":{"footnotes":""},"class_list":["post-351","page","type-page","status-publish","has-post-thumbnail","hentry"],"yoast_head":"<!-- This site is optimized with the Yoast SEO plugin v27.1.1 - https:\/\/yoast.com\/product\/yoast-seo-wordpress\/ -->\n<title>Vi blanc El pas del Vent | Vins Serralada de Marina<\/title>\n<meta name=\"description\" content=\"Descobreix el nostre vi blanc amb maceraci\u00f3 pel\u00b7licular i criat sobre les seves mares fines. Gaudeix aromes fresques amb un pas en boca untu\u00f3s. Entra!\" \/>\n<meta name=\"robots\" content=\"index, follow, max-snippet:-1, max-image-preview:large, max-video-preview:-1\" \/>\n<link rel=\"canonical\" href=\"https:\/\/serraladademarina.cat\/ca\/vins\/pas-de-les-bruixes\/\" \/>\n<meta property=\"og:locale\" content=\"ca_ES\" \/>\n<meta property=\"og:type\" content=\"article\" \/>\n<meta property=\"og:title\" content=\"Vi blanc El pas del Vent | Vins Serralada de Marina\" \/>\n<meta property=\"og:description\" content=\"Descobreix el nostre vi blanc amb maceraci\u00f3 pel\u00b7licular i criat sobre les seves mares fines. Gaudeix aromes fresques amb un pas en boca untu\u00f3s. Entra!\" \/>\n<meta property=\"og:url\" content=\"https:\/\/serraladademarina.cat\/ca\/vins\/pas-de-les-bruixes\/\" \/>\n<meta property=\"og:site_name\" content=\"Serralada de Marina\" \/>\n<meta property=\"article:modified_time\" content=\"2024-08-30T09:45:19+00:00\" \/>\n<meta property=\"og:image\" content=\"https:\/\/serraladademarina.cat\/wp-content\/uploads\/2016\/08\/dummy-1.jpg\" \/>\n\t<meta property=\"og:image:width\" content=\"400\" \/>\n\t<meta property=\"og:image:height\" content=\"260\" \/>\n\t<meta property=\"og:image:type\" content=\"image\/jpeg\" \/>\n<meta name=\"twitter:card\" content=\"summary_large_image\" \/>\n<meta name=\"twitter:label1\" content=\"Temps estimat de lectura\" \/>\n\t<meta name=\"twitter:data1\" content=\"1 minut\" \/>\n<script type=\"application\/ld+json\" class=\"yoast-schema-graph\">{\"@context\":\"https:\/\/schema.org\",\"@graph\":[{\"@type\":\"WebPage\",\"@id\":\"https:\/\/serraladademarina.cat\/ca\/vins\/pas-de-les-bruixes\/\",\"url\":\"https:\/\/serraladademarina.cat\/ca\/vins\/pas-de-les-bruixes\/\",\"name\":\"Vi blanc El pas del Vent | Vins Serralada de Marina\",\"isPartOf\":{\"@id\":\"https:\/\/serraladademarina.cat\/ca\/#website\"},\"primaryImageOfPage\":{\"@id\":\"https:\/\/serraladademarina.cat\/ca\/vins\/pas-de-les-bruixes\/#primaryimage\"},\"image\":{\"@id\":\"https:\/\/serraladademarina.cat\/ca\/vins\/pas-de-les-bruixes\/#primaryimage\"},\"thumbnailUrl\":\"https:\/\/serraladademarina.cat\/wp-content\/uploads\/2016\/08\/dummy-1.jpg\",\"datePublished\":\"2021-04-28T22:21:53+00:00\",\"dateModified\":\"2024-08-30T09:45:19+00:00\",\"description\":\"Descobreix el nostre vi blanc amb maceraci\u00f3 pel\u00b7licular i criat sobre les seves mares fines. Gaudeix aromes fresques amb un pas en boca untu\u00f3s. Entra!\",\"breadcrumb\":{\"@id\":\"https:\/\/serraladademarina.cat\/ca\/vins\/pas-de-les-bruixes\/#breadcrumb\"},\"inLanguage\":\"ca\",\"potentialAction\":[{\"@type\":\"ReadAction\",\"target\":[\"https:\/\/serraladademarina.cat\/ca\/vins\/pas-de-les-bruixes\/\"]}]},{\"@type\":\"ImageObject\",\"inLanguage\":\"ca\",\"@id\":\"https:\/\/serraladademarina.cat\/ca\/vins\/pas-de-les-bruixes\/#primaryimage\",\"url\":\"https:\/\/serraladademarina.cat\/wp-content\/uploads\/2016\/08\/dummy-1.jpg\",\"contentUrl\":\"https:\/\/serraladademarina.cat\/wp-content\/uploads\/2016\/08\/dummy-1.jpg\",\"width\":400,\"height\":260},{\"@type\":\"BreadcrumbList\",\"@id\":\"https:\/\/serraladademarina.cat\/ca\/vins\/pas-de-les-bruixes\/#breadcrumb\",\"itemListElement\":[{\"@type\":\"ListItem\",\"position\":1,\"name\":\"Home\",\"item\":\"https:\/\/serraladademarina.cat\/ca\/\"},{\"@type\":\"ListItem\",\"position\":2,\"name\":\"Vins\",\"item\":\"https:\/\/serraladademarina.cat\/ca\/vins\/\"},{\"@type\":\"ListItem\",\"position\":3,\"name\":\"El pas del vent\"}]},{\"@type\":\"WebSite\",\"@id\":\"https:\/\/serraladademarina.cat\/ca\/#website\",\"url\":\"https:\/\/serraladademarina.cat\/ca\/\",\"name\":\"Serralada de Marina\",\"description\":\"Vins DO Alella\",\"publisher\":{\"@id\":\"https:\/\/serraladademarina.cat\/ca\/#organization\"},\"potentialAction\":[{\"@type\":\"SearchAction\",\"target\":{\"@type\":\"EntryPoint\",\"urlTemplate\":\"https:\/\/serraladademarina.cat\/ca\/?s={search_term_string}\"},\"query-input\":{\"@type\":\"PropertyValueSpecification\",\"valueRequired\":true,\"valueName\":\"search_term_string\"}}],\"inLanguage\":\"ca\"},{\"@type\":\"Organization\",\"@id\":\"https:\/\/serraladademarina.cat\/ca\/#organization\",\"name\":\"Serralada de Marina\",\"url\":\"https:\/\/serraladademarina.cat\/ca\/\",\"logo\":{\"@type\":\"ImageObject\",\"inLanguage\":\"ca\",\"@id\":\"https:\/\/serraladademarina.cat\/ca\/#\/schema\/logo\/image\/\",\"url\":\"https:\/\/serraladademarina.cat\/wp-content\/uploads\/2021\/04\/cropped-icon_serralada_marina-1.png\",\"contentUrl\":\"https:\/\/serraladademarina.cat\/wp-content\/uploads\/2021\/04\/cropped-icon_serralada_marina-1.png\",\"width\":512,\"height\":512,\"caption\":\"Serralada de Marina\"},\"image\":{\"@id\":\"https:\/\/serraladademarina.cat\/ca\/#\/schema\/logo\/image\/\"}}]}<\/script>\n<!-- \/ Yoast SEO plugin. -->","yoast_head_json":{"title":"Vi blanc El pas del Vent | Vins Serralada de Marina","description":"Descobreix el nostre vi blanc amb maceraci\u00f3 pel\u00b7licular i criat sobre les seves mares fines. Gaudeix aromes fresques amb un pas en boca untu\u00f3s. Entra!","robots":{"index":"index","follow":"follow","max-snippet":"max-snippet:-1","max-image-preview":"max-image-preview:large","max-video-preview":"max-video-preview:-1"},"canonical":"https:\/\/serraladademarina.cat\/ca\/vins\/pas-de-les-bruixes\/","og_locale":"ca_ES","og_type":"article","og_title":"Vi blanc El pas del Vent | Vins Serralada de Marina","og_description":"Descobreix el nostre vi blanc amb maceraci\u00f3 pel\u00b7licular i criat sobre les seves mares fines. Gaudeix aromes fresques amb un pas en boca untu\u00f3s. Entra!","og_url":"https:\/\/serraladademarina.cat\/ca\/vins\/pas-de-les-bruixes\/","og_site_name":"Serralada de Marina","article_modified_time":"2024-08-30T09:45:19+00:00","og_image":[{"width":400,"height":260,"url":"https:\/\/serraladademarina.cat\/wp-content\/uploads\/2016\/08\/dummy-1.jpg","type":"image\/jpeg"}],"twitter_card":"summary_large_image","twitter_misc":{"Temps estimat de lectura":"1 minut"},"schema":{"@context":"https:\/\/schema.org","@graph":[{"@type":"WebPage","@id":"https:\/\/serraladademarina.cat\/ca\/vins\/pas-de-les-bruixes\/","url":"https:\/\/serraladademarina.cat\/ca\/vins\/pas-de-les-bruixes\/","name":"Vi blanc El pas del Vent | Vins Serralada de Marina","isPartOf":{"@id":"https:\/\/serraladademarina.cat\/ca\/#website"},"primaryImageOfPage":{"@id":"https:\/\/serraladademarina.cat\/ca\/vins\/pas-de-les-bruixes\/#primaryimage"},"image":{"@id":"https:\/\/serraladademarina.cat\/ca\/vins\/pas-de-les-bruixes\/#primaryimage"},"thumbnailUrl":"https:\/\/serraladademarina.cat\/wp-content\/uploads\/2016\/08\/dummy-1.jpg","datePublished":"2021-04-28T22:21:53+00:00","dateModified":"2024-08-30T09:45:19+00:00","description":"Descobreix el nostre vi blanc amb maceraci\u00f3 pel\u00b7licular i criat sobre les seves mares fines. Gaudeix aromes fresques amb un pas en boca untu\u00f3s. Entra!","breadcrumb":{"@id":"https:\/\/serraladademarina.cat\/ca\/vins\/pas-de-les-bruixes\/#breadcrumb"},"inLanguage":"ca","potentialAction":[{"@type":"ReadAction","target":["https:\/\/serraladademarina.cat\/ca\/vins\/pas-de-les-bruixes\/"]}]},{"@type":"ImageObject","inLanguage":"ca","@id":"https:\/\/serraladademarina.cat\/ca\/vins\/pas-de-les-bruixes\/#primaryimage","url":"https:\/\/serraladademarina.cat\/wp-content\/uploads\/2016\/08\/dummy-1.jpg","contentUrl":"https:\/\/serraladademarina.cat\/wp-content\/uploads\/2016\/08\/dummy-1.jpg","width":400,"height":260},{"@type":"BreadcrumbList","@id":"https:\/\/serraladademarina.cat\/ca\/vins\/pas-de-les-bruixes\/#breadcrumb","itemListElement":[{"@type":"ListItem","position":1,"name":"Home","item":"https:\/\/serraladademarina.cat\/ca\/"},{"@type":"ListItem","position":2,"name":"Vins","item":"https:\/\/serraladademarina.cat\/ca\/vins\/"},{"@type":"ListItem","position":3,"name":"El pas del vent"}]},{"@type":"WebSite","@id":"https:\/\/serraladademarina.cat\/ca\/#website","url":"https:\/\/serraladademarina.cat\/ca\/","name":"Serralada de Marina","description":"Vins DO Alella","publisher":{"@id":"https:\/\/serraladademarina.cat\/ca\/#organization"},"potentialAction":[{"@type":"SearchAction","target":{"@type":"EntryPoint","urlTemplate":"https:\/\/serraladademarina.cat\/ca\/?s={search_term_string}"},"query-input":{"@type":"PropertyValueSpecification","valueRequired":true,"valueName":"search_term_string"}}],"inLanguage":"ca"},{"@type":"Organization","@id":"https:\/\/serraladademarina.cat\/ca\/#organization","name":"Serralada de Marina","url":"https:\/\/serraladademarina.cat\/ca\/","logo":{"@type":"ImageObject","inLanguage":"ca","@id":"https:\/\/serraladademarina.cat\/ca\/#\/schema\/logo\/image\/","url":"https:\/\/serraladademarina.cat\/wp-content\/uploads\/2021\/04\/cropped-icon_serralada_marina-1.png","contentUrl":"https:\/\/serraladademarina.cat\/wp-content\/uploads\/2021\/04\/cropped-icon_serralada_marina-1.png","width":512,"height":512,"caption":"Serralada de Marina"},"image":{"@id":"https:\/\/serraladademarina.cat\/ca\/#\/schema\/logo\/image\/"}}]}},"_links":{"self":[{"href":"https:\/\/serraladademarina.cat\/ca\/wp-json\/wp\/v2\/pages\/351","targetHints":{"allow":["GET"]}}],"collection":[{"href":"https:\/\/serraladademarina.cat\/ca\/wp-json\/wp\/v2\/pages"}],"about":[{"href":"https:\/\/serraladademarina.cat\/ca\/wp-json\/wp\/v2\/types\/page"}],"author":[{"embeddable":true,"href":"https:\/\/serraladademarina.cat\/ca\/wp-json\/wp\/v2\/users\/1"}],"replies":[{"embeddable":true,"href":"https:\/\/serraladademarina.cat\/ca\/wp-json\/wp\/v2\/comments?post=351"}],"version-history":[{"count":15,"href":"https:\/\/serraladademarina.cat\/ca\/wp-json\/wp\/v2\/pages\/351\/revisions"}],"predecessor-version":[{"id":3469,"href":"https:\/\/serraladademarina.cat\/ca\/wp-json\/wp\/v2\/pages\/351\/revisions\/3469"}],"up":[{"embeddable":true,"href":"https:\/\/serraladademarina.cat\/ca\/wp-json\/wp\/v2\/pages\/328"}],"wp:featuredmedia":[{"embeddable":true,"href":"https:\/\/serraladademarina.cat\/ca\/wp-json\/wp\/v2\/media\/17"}],"wp:attachment":[{"href":"https:\/\/serraladademarina.cat\/ca\/wp-json\/wp\/v2\/media?parent=351"}],"curies":[{"name":"wp","href":"https:\/\/api.w.org\/{rel}","templated":true}]}}