{"id":2392,"date":"2024-02-07T18:59:03","date_gmt":"2024-02-07T16:59:03","guid":{"rendered":"https:\/\/serraladademarina.cat\/?page_id=2392"},"modified":"2024-02-07T18:59:04","modified_gmt":"2024-02-07T16:59:04","slug":"kit-digital","status":"publish","type":"page","link":"https:\/\/serraladademarina.cat\/ca\/kit-digital\/","title":{"rendered":"KIT DIGITAL"},"content":{"rendered":"\nFinanciado por la Uni\u00f3n Europea \u2013 NextGenerationEU. Sin embargo, los puntos de vista y las opiniones expresadas son \u00fanicamente los del autor o autores y no reflejan necesariamente los de la Uni\u00f3n Europea o la Comisi\u00f3n Europea. Ni la Uni\u00f3n Europea ni la Comisi\u00f3n Europea pueden ser consideradas responsables de las mismas.\n\n\n\n<figure class=\"wp-block-image size-large\"><img loading=\"lazy\" decoding=\"async\" width=\"1400\" height=\"162\" src=\"https:\/\/serraladademarina.cat\/wp-content\/uploads\/2024\/02\/kit-digital-logos-1400x162.png\" alt=\"\" class=\"wp-image-2393\" srcset=\"https:\/\/serraladademarina.cat\/wp-content\/uploads\/2024\/02\/kit-digital-logos-1400x162.png 1400w, https:\/\/serraladademarina.cat\/wp-content\/uploads\/2024\/02\/kit-digital-logos-800x93.png 800w, https:\/\/serraladademarina.cat\/wp-content\/uploads\/2024\/02\/kit-digital-logos-768x89.png 768w, https:\/\/serraladademarina.cat\/wp-content\/uploads\/2024\/02\/kit-digital-logos-1536x178.png 1536w, https:\/\/serraladademarina.cat\/wp-content\/uploads\/2024\/02\/kit-digital-logos.png 2048w\" sizes=\"auto, (max-width: 1400px) 100vw, 1400px\" \/><\/figure>\n","protected":false},"excerpt":{"rendered":"<p>Financiado por la Uni\u00f3n Europea \u2013 NextGenerationEU. Sin embargo, los puntos de vista y las opiniones expresadas son \u00fanicamente los del autor o autores y no reflejan necesariamente los de la Uni\u00f3n Europea o la Comisi\u00f3n Europea. Ni la Uni\u00f3n Europea ni la Comisi\u00f3n Europea pueden ser consideradas responsables de las mismas.<\/p>\n","protected":false},"author":7,"featured_media":0,"parent":0,"menu_order":0,"comment_status":"closed","ping_status":"closed","template":"","meta":{"footnotes":""},"class_list":["post-2392","page","type-page","status-publish","hentry"],"yoast_head":"<!-- This site is optimized with the Yoast SEO plugin v27.1.1 - https:\/\/yoast.com\/product\/yoast-seo-wordpress\/ -->\n<title>KIT DIGITAL - Serralada de Marina<\/title>\n<meta name=\"robots\" content=\"index, follow, max-snippet:-1, max-image-preview:large, max-video-preview:-1\" \/>\n<link rel=\"canonical\" href=\"https:\/\/serraladademarina.cat\/ca\/kit-digital\/\" \/>\n<meta property=\"og:locale\" content=\"ca_ES\" \/>\n<meta property=\"og:type\" content=\"article\" \/>\n<meta property=\"og:title\" content=\"KIT DIGITAL - Serralada de Marina\" \/>\n<meta property=\"og:description\" content=\"Financiado por la Uni\u00f3n Europea \u2013 NextGenerationEU. Sin embargo, los puntos de vista y las opiniones expresadas son \u00fanicamente los del autor o autores y no reflejan necesariamente los de la Uni\u00f3n Europea o la Comisi\u00f3n Europea. Ni la Uni\u00f3n Europea ni la Comisi\u00f3n Europea pueden ser consideradas responsables de las mismas.\" \/>\n<meta property=\"og:url\" content=\"https:\/\/serraladademarina.cat\/ca\/kit-digital\/\" \/>\n<meta property=\"og:site_name\" content=\"Serralada de Marina\" \/>\n<meta property=\"article:modified_time\" content=\"2024-02-07T16:59:04+00:00\" \/>\n<meta property=\"og:image\" content=\"https:\/\/serraladademarina.cat\/wp-content\/uploads\/2024\/02\/kit-digital-logos-1400x162.png\" \/>\n<meta name=\"twitter:card\" content=\"summary_large_image\" \/>\n<script type=\"application\/ld+json\" class=\"yoast-schema-graph\">{\"@context\":\"https:\/\/schema.org\",\"@graph\":[{\"@type\":\"WebPage\",\"@id\":\"https:\/\/serraladademarina.cat\/ca\/kit-digital\/\",\"url\":\"https:\/\/serraladademarina.cat\/ca\/kit-digital\/\",\"name\":\"KIT DIGITAL - Serralada de Marina\",\"isPartOf\":{\"@id\":\"https:\/\/serraladademarina.cat\/ca\/#website\"},\"primaryImageOfPage\":{\"@id\":\"https:\/\/serraladademarina.cat\/ca\/kit-digital\/#primaryimage\"},\"image\":{\"@id\":\"https:\/\/serraladademarina.cat\/ca\/kit-digital\/#primaryimage\"},\"thumbnailUrl\":\"https:\/\/serraladademarina.cat\/wp-content\/uploads\/2024\/02\/kit-digital-logos-1400x162.png\",\"datePublished\":\"2024-02-07T16:59:03+00:00\",\"dateModified\":\"2024-02-07T16:59:04+00:00\",\"breadcrumb\":{\"@id\":\"https:\/\/serraladademarina.cat\/ca\/kit-digital\/#breadcrumb\"},\"inLanguage\":\"ca\",\"potentialAction\":[{\"@type\":\"ReadAction\",\"target\":[\"https:\/\/serraladademarina.cat\/ca\/kit-digital\/\"]}]},{\"@type\":\"ImageObject\",\"inLanguage\":\"ca\",\"@id\":\"https:\/\/serraladademarina.cat\/ca\/kit-digital\/#primaryimage\",\"url\":\"https:\/\/serraladademarina.cat\/wp-content\/uploads\/2024\/02\/kit-digital-logos-1400x162.png\",\"contentUrl\":\"https:\/\/serraladademarina.cat\/wp-content\/uploads\/2024\/02\/kit-digital-logos-1400x162.png\"},{\"@type\":\"BreadcrumbList\",\"@id\":\"https:\/\/serraladademarina.cat\/ca\/kit-digital\/#breadcrumb\",\"itemListElement\":[{\"@type\":\"ListItem\",\"position\":1,\"name\":\"Home\",\"item\":\"https:\/\/serraladademarina.cat\/ca\/\"},{\"@type\":\"ListItem\",\"position\":2,\"name\":\"KIT DIGITAL\"}]},{\"@type\":\"WebSite\",\"@id\":\"https:\/\/serraladademarina.cat\/ca\/#website\",\"url\":\"https:\/\/serraladademarina.cat\/ca\/\",\"name\":\"Serralada de Marina\",\"description\":\"Vins DO Alella\",\"publisher\":{\"@id\":\"https:\/\/serraladademarina.cat\/ca\/#organization\"},\"potentialAction\":[{\"@type\":\"SearchAction\",\"target\":{\"@type\":\"EntryPoint\",\"urlTemplate\":\"https:\/\/serraladademarina.cat\/ca\/?s={search_term_string}\"},\"query-input\":{\"@type\":\"PropertyValueSpecification\",\"valueRequired\":true,\"valueName\":\"search_term_string\"}}],\"inLanguage\":\"ca\"},{\"@type\":\"Organization\",\"@id\":\"https:\/\/serraladademarina.cat\/ca\/#organization\",\"name\":\"Serralada de Marina\",\"url\":\"https:\/\/serraladademarina.cat\/ca\/\",\"logo\":{\"@type\":\"ImageObject\",\"inLanguage\":\"ca\",\"@id\":\"https:\/\/serraladademarina.cat\/ca\/#\/schema\/logo\/image\/\",\"url\":\"https:\/\/serraladademarina.cat\/wp-content\/uploads\/2021\/04\/cropped-icon_serralada_marina-1.png\",\"contentUrl\":\"https:\/\/serraladademarina.cat\/wp-content\/uploads\/2021\/04\/cropped-icon_serralada_marina-1.png\",\"width\":512,\"height\":512,\"caption\":\"Serralada de Marina\"},\"image\":{\"@id\":\"https:\/\/serraladademarina.cat\/ca\/#\/schema\/logo\/image\/\"}}]}<\/script>\n<!-- \/ Yoast SEO plugin. -->","yoast_head_json":{"title":"KIT DIGITAL - Serralada de Marina","robots":{"index":"index","follow":"follow","max-snippet":"max-snippet:-1","max-image-preview":"max-image-preview:large","max-video-preview":"max-video-preview:-1"},"canonical":"https:\/\/serraladademarina.cat\/ca\/kit-digital\/","og_locale":"ca_ES","og_type":"article","og_title":"KIT DIGITAL - Serralada de Marina","og_description":"Financiado por la Uni\u00f3n Europea \u2013 NextGenerationEU. Sin embargo, los puntos de vista y las opiniones expresadas son \u00fanicamente los del autor o autores y no reflejan necesariamente los de la Uni\u00f3n Europea o la Comisi\u00f3n Europea. Ni la Uni\u00f3n Europea ni la Comisi\u00f3n Europea pueden ser consideradas responsables de las mismas.","og_url":"https:\/\/serraladademarina.cat\/ca\/kit-digital\/","og_site_name":"Serralada de Marina","article_modified_time":"2024-02-07T16:59:04+00:00","og_image":[{"url":"https:\/\/serraladademarina.cat\/wp-content\/uploads\/2024\/02\/kit-digital-logos-1400x162.png","type":"","width":"","height":""}],"twitter_card":"summary_large_image","schema":{"@context":"https:\/\/schema.org","@graph":[{"@type":"WebPage","@id":"https:\/\/serraladademarina.cat\/ca\/kit-digital\/","url":"https:\/\/serraladademarina.cat\/ca\/kit-digital\/","name":"KIT DIGITAL - Serralada de Marina","isPartOf":{"@id":"https:\/\/serraladademarina.cat\/ca\/#website"},"primaryImageOfPage":{"@id":"https:\/\/serraladademarina.cat\/ca\/kit-digital\/#primaryimage"},"image":{"@id":"https:\/\/serraladademarina.cat\/ca\/kit-digital\/#primaryimage"},"thumbnailUrl":"https:\/\/serraladademarina.cat\/wp-content\/uploads\/2024\/02\/kit-digital-logos-1400x162.png","datePublished":"2024-02-07T16:59:03+00:00","dateModified":"2024-02-07T16:59:04+00:00","breadcrumb":{"@id":"https:\/\/serraladademarina.cat\/ca\/kit-digital\/#breadcrumb"},"inLanguage":"ca","potentialAction":[{"@type":"ReadAction","target":["https:\/\/serraladademarina.cat\/ca\/kit-digital\/"]}]},{"@type":"ImageObject","inLanguage":"ca","@id":"https:\/\/serraladademarina.cat\/ca\/kit-digital\/#primaryimage","url":"https:\/\/serraladademarina.cat\/wp-content\/uploads\/2024\/02\/kit-digital-logos-1400x162.png","contentUrl":"https:\/\/serraladademarina.cat\/wp-content\/uploads\/2024\/02\/kit-digital-logos-1400x162.png"},{"@type":"BreadcrumbList","@id":"https:\/\/serraladademarina.cat\/ca\/kit-digital\/#breadcrumb","itemListElement":[{"@type":"ListItem","position":1,"name":"Home","item":"https:\/\/serraladademarina.cat\/ca\/"},{"@type":"ListItem","position":2,"name":"KIT DIGITAL"}]},{"@type":"WebSite","@id":"https:\/\/serraladademarina.cat\/ca\/#website","url":"https:\/\/serraladademarina.cat\/ca\/","name":"Serralada de Marina","description":"Vins DO Alella","publisher":{"@id":"https:\/\/serraladademarina.cat\/ca\/#organization"},"potentialAction":[{"@type":"SearchAction","target":{"@type":"EntryPoint","urlTemplate":"https:\/\/serraladademarina.cat\/ca\/?s={search_term_string}"},"query-input":{"@type":"PropertyValueSpecification","valueRequired":true,"valueName":"search_term_string"}}],"inLanguage":"ca"},{"@type":"Organization","@id":"https:\/\/serraladademarina.cat\/ca\/#organization","name":"Serralada de Marina","url":"https:\/\/serraladademarina.cat\/ca\/","logo":{"@type":"ImageObject","inLanguage":"ca","@id":"https:\/\/serraladademarina.cat\/ca\/#\/schema\/logo\/image\/","url":"https:\/\/serraladademarina.cat\/wp-content\/uploads\/2021\/04\/cropped-icon_serralada_marina-1.png","contentUrl":"https:\/\/serraladademarina.cat\/wp-content\/uploads\/2021\/04\/cropped-icon_serralada_marina-1.png","width":512,"height":512,"caption":"Serralada de Marina"},"image":{"@id":"https:\/\/serraladademarina.cat\/ca\/#\/schema\/logo\/image\/"}}]}},"_links":{"self":[{"href":"https:\/\/serraladademarina.cat\/ca\/wp-json\/wp\/v2\/pages\/2392","targetHints":{"allow":["GET"]}}],"collection":[{"href":"https:\/\/serraladademarina.cat\/ca\/wp-json\/wp\/v2\/pages"}],"about":[{"href":"https:\/\/serraladademarina.cat\/ca\/wp-json\/wp\/v2\/types\/page"}],"author":[{"embeddable":true,"href":"https:\/\/serraladademarina.cat\/ca\/wp-json\/wp\/v2\/users\/7"}],"replies":[{"embeddable":true,"href":"https:\/\/serraladademarina.cat\/ca\/wp-json\/wp\/v2\/comments?post=2392"}],"version-history":[{"count":1,"href":"https:\/\/serraladademarina.cat\/ca\/wp-json\/wp\/v2\/pages\/2392\/revisions"}],"predecessor-version":[{"id":2398,"href":"https:\/\/serraladademarina.cat\/ca\/wp-json\/wp\/v2\/pages\/2392\/revisions\/2398"}],"wp:attachment":[{"href":"https:\/\/serraladademarina.cat\/ca\/wp-json\/wp\/v2\/media?parent=2392"}],"curies":[{"name":"wp","href":"https:\/\/api.w.org\/{rel}","templated":true}]}}